{"id":223,"date":"2022-02-19T17:01:56","date_gmt":"2022-02-19T20:01:56","guid":{"rendered":"https:\/\/safe.siteup.dev\/?page_id=223"},"modified":"2022-02-25T16:46:55","modified_gmt":"2022-02-25T19:46:55","slug":"parceiros","status":"publish","type":"page","link":"http:\/\/safe.upsites.dev\/en\/partners\/","title":{"rendered":"Partners"},"content":{"rendered":"<div data-elementor-type=\"wp-page\" data-elementor-id=\"223\" class=\"elementor elementor-223\">\n\t\t\t\t\t\t<div class=\"elementor-inner\">\n\t\t\t\t<div class=\"elementor-section-wrap\">\n\t\t\t\t\t\t\t\t\t<section class=\"has_ae_slider elementor-section elementor-top-section elementor-element elementor-element-5443b2c elementor-section-height-min-height elementor-section-items-bottom elementor-section-boxed elementor-section-height-default ae-bg-gallery-type-default\" data-id=\"5443b2c\" data-element_type=\"section\" data-settings=\"{&quot;background_background&quot;:&quot;classic&quot;,&quot;jet_parallax_layout_list&quot;:[]}\">\n\t\t\t\t\t\t\t<div class=\"elementor-background-overlay\"><\/div>\n\t\t\t\t\t\t\t<div class=\"elementor-container elementor-column-gap-default\">\n\t\t\t\t\t\t\t<div class=\"elementor-row\">\n\t\t\t\t\t<div class=\"has_ae_slider elementor-column elementor-col-100 elementor-top-column elementor-element elementor-element-2b4248e ae-bg-gallery-type-default\" data-id=\"2b4248e\" data-element_type=\"column\">\n\t\t\t<div class=\"elementor-column-wrap elementor-element-populated\">\n\t\t\t\t\t\t\t<div class=\"elementor-widget-wrap\">\n\t\t\t\t\t\t<div class=\"elementor-element elementor-element-91c7abd elementor-widget elementor-widget-heading\" data-id=\"91c7abd\" data-element_type=\"widget\" data-widget_type=\"heading.default\">\n\t\t\t\t<div class=\"elementor-widget-container\">\n\t\t\t<h2 class=\"elementor-heading-title elementor-size-default\">Partners<\/h2>\t\t<\/div>\n\t\t\t\t<\/div>\n\t\t\t\t\t\t<\/div>\n\t\t\t\t\t<\/div>\n\t\t<\/div>\n\t\t\t\t\t\t\t\t<\/div>\n\t\t\t\t\t<\/div>\n\t\t<\/section>\n\t\t\t\t<section class=\"has_ae_slider elementor-section elementor-top-section elementor-element elementor-element-7a95b66 elementor-section-boxed elementor-section-height-default elementor-section-height-default ae-bg-gallery-type-default\" data-id=\"7a95b66\" data-element_type=\"section\" data-settings=\"{&quot;jet_parallax_layout_list&quot;:[]}\">\n\t\t\t\t\t\t<div class=\"elementor-container elementor-column-gap-default\">\n\t\t\t\t\t\t\t<div class=\"elementor-row\">\n\t\t\t\t\t<div class=\"has_ae_slider elementor-column elementor-col-100 elementor-top-column elementor-element elementor-element-8b0cdb3 ae-bg-gallery-type-default\" data-id=\"8b0cdb3\" data-element_type=\"column\">\n\t\t\t<div class=\"elementor-column-wrap elementor-element-populated\">\n\t\t\t\t\t\t\t<div class=\"elementor-widget-wrap\">\n\t\t\t\t\t\t<section class=\"has_ae_slider elementor-section elementor-inner-section elementor-element elementor-element-cb7e513 elementor-section-boxed elementor-section-height-default elementor-section-height-default ae-bg-gallery-type-default\" data-id=\"cb7e513\" data-element_type=\"section\" data-settings=\"{&quot;jet_parallax_layout_list&quot;:[]}\">\n\t\t\t\t\t\t<div class=\"elementor-container elementor-column-gap-default\">\n\t\t\t\t\t\t\t<div class=\"elementor-row\">\n\t\t\t\t\t<div class=\"has_ae_slider elementor-column elementor-col-50 elementor-inner-column elementor-element elementor-element-c07b6da ae-bg-gallery-type-default\" data-id=\"c07b6da\" data-element_type=\"column\" data-settings=\"{&quot;background_background&quot;:&quot;classic&quot;}\">\n\t\t\t<div class=\"elementor-column-wrap elementor-element-populated\">\n\t\t\t\t\t\t\t<div class=\"elementor-widget-wrap\">\n\t\t\t\t\t\t<div class=\"elementor-element elementor-element-1405e7e elementor-widget elementor-widget-image\" data-id=\"1405e7e\" data-element_type=\"widget\" data-widget_type=\"image.default\">\n\t\t\t\t<div class=\"elementor-widget-container\">\n\t\t\t\t\t\t\t\t<div class=\"elementor-image\">\n\t\t\t\t\t\t\t\t\t\t\t\t<img width=\"273\" height=\"69\" src=\"http:\/\/safe.upsites.dev\/wp-content\/uploads\/2022\/02\/image-830-203557.png\" class=\"attachment-medium size-medium\" alt=\"image\" loading=\"lazy\" \/>\t\t\t\t\t\t\t\t\t\t\t\t\t\t<\/div>\n\t\t\t\t\t\t<\/div>\n\t\t\t\t<\/div>\n\t\t\t\t<div class=\"elementor-element elementor-element-cff41ca elementor-widget__width-initial elementor-widget elementor-widget-text-editor\" data-id=\"cff41ca\" data-element_type=\"widget\" data-widget_type=\"text-editor.default\">\n\t\t\t\t<div class=\"elementor-widget-container\">\n\t\t\t\t\t\t\t\t<div class=\"elementor-text-editor elementor-clearfix\">\n\t\t\t\t<p>Check Point Software Technologies Ltd. is a leading provider of cybersecurity solutions for governments and businesses worldwide. Its solutions protect customers from fifth-generation cyber attacks with a leading rate of capture of malware, ransomware, and other types of attacks. <br \/><span style=\"color: #5a1af0;\">Semper Safe is Check Point's 2 Star partner.<\/span><\/p>\t\t\t\t\t<\/div>\n\t\t\t\t\t\t<\/div>\n\t\t\t\t<\/div>\n\t\t\t\t\t\t<\/div>\n\t\t\t\t\t<\/div>\n\t\t<\/div>\n\t\t\t\t<div class=\"has_ae_slider elementor-column elementor-col-50 elementor-inner-column elementor-element elementor-element-e9fd20c ae-bg-gallery-type-default\" data-id=\"e9fd20c\" data-element_type=\"column\" data-settings=\"{&quot;background_background&quot;:&quot;classic&quot;}\">\n\t\t\t<div class=\"elementor-column-wrap elementor-element-populated\">\n\t\t\t\t\t\t\t<div class=\"elementor-widget-wrap\">\n\t\t\t\t\t\t<div class=\"elementor-element elementor-element-770c6b5 elementor-widget elementor-widget-image\" data-id=\"770c6b5\" data-element_type=\"widget\" data-widget_type=\"image.default\">\n\t\t\t\t<div class=\"elementor-widget-container\">\n\t\t\t\t\t\t\t\t<div class=\"elementor-image\">\n\t\t\t\t\t\t\t\t\t\t\t\t<img width=\"188\" height=\"75\" src=\"http:\/\/safe.upsites.dev\/wp-content\/uploads\/2022\/02\/image-13-203552.png\" class=\"attachment-medium size-medium\" alt=\"image\" loading=\"lazy\" \/>\t\t\t\t\t\t\t\t\t\t\t\t\t\t<\/div>\n\t\t\t\t\t\t<\/div>\n\t\t\t\t<\/div>\n\t\t\t\t<div class=\"elementor-element elementor-element-2e05d96 elementor-widget__width-initial elementor-widget elementor-widget-text-editor\" data-id=\"2e05d96\" data-element_type=\"widget\" data-widget_type=\"text-editor.default\">\n\t\t\t\t<div class=\"elementor-widget-container\">\n\t\t\t\t\t\t\t\t<div class=\"elementor-text-editor elementor-clearfix\">\n\t\t\t\t<p>AlgoSec empowers organizations to securely accelerate application delivery by automating application connectivity and security policy, anywhere.<\/p>\t\t\t\t\t<\/div>\n\t\t\t\t\t\t<\/div>\n\t\t\t\t<\/div>\n\t\t\t\t\t\t<\/div>\n\t\t\t\t\t<\/div>\n\t\t<\/div>\n\t\t\t\t\t\t\t\t<\/div>\n\t\t\t\t\t<\/div>\n\t\t<\/section>\n\t\t\t\t<section class=\"has_ae_slider elementor-section elementor-inner-section elementor-element elementor-element-ed67d12 elementor-section-boxed elementor-section-height-default elementor-section-height-default ae-bg-gallery-type-default\" data-id=\"ed67d12\" data-element_type=\"section\" data-settings=\"{&quot;jet_parallax_layout_list&quot;:[]}\">\n\t\t\t\t\t\t<div class=\"elementor-container elementor-column-gap-default\">\n\t\t\t\t\t\t\t<div class=\"elementor-row\">\n\t\t\t\t\t<div class=\"has_ae_slider elementor-column elementor-col-50 elementor-inner-column elementor-element elementor-element-e3d27cf ae-bg-gallery-type-default\" data-id=\"e3d27cf\" data-element_type=\"column\" data-settings=\"{&quot;background_background&quot;:&quot;classic&quot;}\">\n\t\t\t<div class=\"elementor-column-wrap elementor-element-populated\">\n\t\t\t\t\t\t\t<div class=\"elementor-widget-wrap\">\n\t\t\t\t\t\t<div class=\"elementor-element elementor-element-c21caf9 elementor-widget elementor-widget-image\" data-id=\"c21caf9\" data-element_type=\"widget\" data-widget_type=\"image.default\">\n\t\t\t\t<div class=\"elementor-widget-container\">\n\t\t\t\t\t\t\t\t<div class=\"elementor-image\">\n\t\t\t\t\t\t\t\t\t\t\t\t<img width=\"290\" height=\"66\" src=\"http:\/\/safe.upsites.dev\/wp-content\/uploads\/2022\/02\/image-831-204037.png\" class=\"attachment-medium size-medium\" alt=\"image\" loading=\"lazy\" \/>\t\t\t\t\t\t\t\t\t\t\t\t\t\t<\/div>\n\t\t\t\t\t\t<\/div>\n\t\t\t\t<\/div>\n\t\t\t\t<div class=\"elementor-element elementor-element-f9e5afb elementor-widget__width-initial elementor-widget elementor-widget-text-editor\" data-id=\"f9e5afb\" data-element_type=\"widget\" data-widget_type=\"text-editor.default\">\n\t\t\t\t<div class=\"elementor-widget-container\">\n\t\t\t\t\t\t\t\t<div class=\"elementor-text-editor elementor-clearfix\">\n\t\t\t\t<p>Netskope is an American software company that provides a computer security platform. The platform provides enterprise cloud-native solutions for data protection and threat defense across cloud applications, cloud infrastructure, and the web. <\/p>\t\t\t\t\t<\/div>\n\t\t\t\t\t\t<\/div>\n\t\t\t\t<\/div>\n\t\t\t\t\t\t<\/div>\n\t\t\t\t\t<\/div>\n\t\t<\/div>\n\t\t\t\t<div class=\"has_ae_slider elementor-column elementor-col-50 elementor-inner-column elementor-element elementor-element-ddee3bc ae-bg-gallery-type-default\" data-id=\"ddee3bc\" data-element_type=\"column\" data-settings=\"{&quot;background_background&quot;:&quot;classic&quot;}\">\n\t\t\t<div class=\"elementor-column-wrap elementor-element-populated\">\n\t\t\t\t\t\t\t<div class=\"elementor-widget-wrap\">\n\t\t\t\t\t\t<div class=\"elementor-element elementor-element-75a1d8a elementor-widget elementor-widget-image\" data-id=\"75a1d8a\" data-element_type=\"widget\" data-widget_type=\"image.default\">\n\t\t\t\t<div class=\"elementor-widget-container\">\n\t\t\t\t\t\t\t\t<div class=\"elementor-image\">\n\t\t\t\t\t\t\t\t\t\t\t\t<img width=\"244\" height=\"82\" src=\"http:\/\/safe.upsites.dev\/wp-content\/uploads\/2022\/02\/image-832-203551.png\" class=\"attachment-medium size-medium\" alt=\"image\" loading=\"lazy\" \/>\t\t\t\t\t\t\t\t\t\t\t\t\t\t<\/div>\n\t\t\t\t\t\t<\/div>\n\t\t\t\t<\/div>\n\t\t\t\t<div class=\"elementor-element elementor-element-549f21f elementor-widget__width-initial elementor-widget elementor-widget-text-editor\" data-id=\"549f21f\" data-element_type=\"widget\" data-widget_type=\"text-editor.default\">\n\t\t\t\t<div class=\"elementor-widget-container\">\n\t\t\t\t\t\t\t\t<div class=\"elementor-text-editor elementor-clearfix\">\n\t\t\t\t<p>Radware Ltd. is an Israeli-American provider of cybersecurity products and application delivery for physical, cloud and software-defined data centers. The corporate headquarters of Radware is located in Mahwah, New Jersey and the international headquarters is located in Tel Aviv, Israel.<\/p>\t\t\t\t\t<\/div>\n\t\t\t\t\t\t<\/div>\n\t\t\t\t<\/div>\n\t\t\t\t\t\t<\/div>\n\t\t\t\t\t<\/div>\n\t\t<\/div>\n\t\t\t\t\t\t\t\t<\/div>\n\t\t\t\t\t<\/div>\n\t\t<\/section>\n\t\t\t\t<section class=\"has_ae_slider elementor-section elementor-inner-section elementor-element elementor-element-1fbcbc8 elementor-section-boxed elementor-section-height-default elementor-section-height-default ae-bg-gallery-type-default\" data-id=\"1fbcbc8\" data-element_type=\"section\" data-settings=\"{&quot;jet_parallax_layout_list&quot;:[]}\">\n\t\t\t\t\t\t<div class=\"elementor-container elementor-column-gap-default\">\n\t\t\t\t\t\t\t<div class=\"elementor-row\">\n\t\t\t\t\t<div class=\"has_ae_slider elementor-column elementor-col-50 elementor-inner-column elementor-element elementor-element-979eb20 ae-bg-gallery-type-default\" data-id=\"979eb20\" data-element_type=\"column\" data-settings=\"{&quot;background_background&quot;:&quot;classic&quot;}\">\n\t\t\t<div class=\"elementor-column-wrap elementor-element-populated\">\n\t\t\t\t\t\t\t<div class=\"elementor-widget-wrap\">\n\t\t\t\t\t\t<div class=\"elementor-element elementor-element-7d8c79e elementor-widget elementor-widget-image\" data-id=\"7d8c79e\" data-element_type=\"widget\" data-widget_type=\"image.default\">\n\t\t\t\t<div class=\"elementor-widget-container\">\n\t\t\t\t\t\t\t\t<div class=\"elementor-image\">\n\t\t\t\t\t\t\t\t\t\t\t\t<img width=\"222\" height=\"62\" src=\"http:\/\/safe.upsites.dev\/wp-content\/uploads\/2022\/02\/image-7-203556.png\" class=\"attachment-medium size-medium\" alt=\"image\" loading=\"lazy\" \/>\t\t\t\t\t\t\t\t\t\t\t\t\t\t<\/div>\n\t\t\t\t\t\t<\/div>\n\t\t\t\t<\/div>\n\t\t\t\t<div class=\"elementor-element elementor-element-54c2ed7 elementor-widget__width-initial elementor-widget elementor-widget-text-editor\" data-id=\"54c2ed7\" data-element_type=\"widget\" data-widget_type=\"text-editor.default\">\n\t\t\t\t<div class=\"elementor-widget-container\">\n\t\t\t\t\t\t\t\t<div class=\"elementor-text-editor elementor-clearfix\">\n\t\t\t\t<p>A Proofpoint, Inc. is an American corporate security company based in Sunnyvale, California, that provides software as a service and products for email security, data loss prevention, social networking, mobile devices, digital risk, email encryption, electronic discovery (\"eDiscovery\") and e-mail archiving. <\/p>\t\t\t\t\t<\/div>\n\t\t\t\t\t\t<\/div>\n\t\t\t\t<\/div>\n\t\t\t\t\t\t<\/div>\n\t\t\t\t\t<\/div>\n\t\t<\/div>\n\t\t\t\t<div class=\"has_ae_slider elementor-column elementor-col-50 elementor-inner-column elementor-element elementor-element-169e347 ae-bg-gallery-type-default\" data-id=\"169e347\" data-element_type=\"column\" data-settings=\"{&quot;background_background&quot;:&quot;classic&quot;}\">\n\t\t\t<div class=\"elementor-column-wrap elementor-element-populated\">\n\t\t\t\t\t\t\t<div class=\"elementor-widget-wrap\">\n\t\t\t\t\t\t<div class=\"elementor-element elementor-element-c34c930 elementor-widget elementor-widget-image\" data-id=\"c34c930\" data-element_type=\"widget\" data-widget_type=\"image.default\">\n\t\t\t\t<div class=\"elementor-widget-container\">\n\t\t\t\t\t\t\t\t<div class=\"elementor-image\">\n\t\t\t\t\t\t\t\t\t\t\t\t<img width=\"237\" height=\"73\" src=\"http:\/\/safe.upsites.dev\/wp-content\/uploads\/2022\/02\/image-5-203554.png\" class=\"attachment-medium size-medium\" alt=\"image\" loading=\"lazy\" \/>\t\t\t\t\t\t\t\t\t\t\t\t\t\t<\/div>\n\t\t\t\t\t\t<\/div>\n\t\t\t\t<\/div>\n\t\t\t\t<div class=\"elementor-element elementor-element-090829b elementor-widget__width-initial elementor-widget elementor-widget-text-editor\" data-id=\"090829b\" data-element_type=\"widget\" data-widget_type=\"text-editor.default\">\n\t\t\t\t<div class=\"elementor-widget-container\">\n\t\t\t\t\t\t\t\t<div class=\"elementor-text-editor elementor-clearfix\">\n\t\t\t\t<p>Founded in 1999 as one of the first SaaS security companies, Qualys has established strategic partnerships with leading cloud providers, such as Amazon Web Services, Microsoft Azure and Google Cloud Platform, and managed service providers and consulting organizations, including Accenture, BT, Cognizant Technology Solutions, Deutsche Telekom, DXC Technology, Fujitsu, HCL Technologies, IBM, Infosys, NTT, Optiv, SecureWorks, Tata Communications, Verizon and Wipro. The company is also a founding member of the Cloud Security Alliance (CSA). <\/p>\t\t\t\t\t<\/div>\n\t\t\t\t\t\t<\/div>\n\t\t\t\t<\/div>\n\t\t\t\t\t\t<\/div>\n\t\t\t\t\t<\/div>\n\t\t<\/div>\n\t\t\t\t\t\t\t\t<\/div>\n\t\t\t\t\t<\/div>\n\t\t<\/section>\n\t\t\t\t\t\t<\/div>\n\t\t\t\t\t<\/div>\n\t\t<\/div>\n\t\t\t\t\t\t\t\t<\/div>\n\t\t\t\t\t<\/div>\n\t\t<\/section>\n\t\t\t\t\t\t\t\t\t<\/div>\n\t\t\t<\/div>\n\t\t\t\t\t<\/div>","protected":false},"excerpt":{"rendered":"<p>Nossos Parceiros A Check Point Software Technologies Ltd. \u00e9 provedora l\u00edder de solu\u00e7\u00f5es de seguran\u00e7a cibern\u00e9tica para governos e empresas no mundo todo. Suas solu\u00e7\u00f5es protegem os clientes contra ataques cibern\u00e9ticos de quinta gera\u00e7\u00e3o com uma taxa l\u00edder de captura de malware, ransomware e outros tipos de ataques. A Sempre Safe \u00e9 parceira 2 Star [&hellip;]<\/p>","protected":false},"author":10,"featured_media":0,"parent":0,"menu_order":0,"comment_status":"closed","ping_status":"closed","template":"elementor_header_footer","meta":[],"acf":[],"yoast_head":"<!-- This site is optimized with the Yoast SEO plugin v19.4 - https:\/\/yoast.com\/wordpress\/plugins\/seo\/ -->\n<title>Parceiros - Sempre Safe<\/title>\n<meta name=\"robots\" content=\"noindex, follow, max-snippet:-1, max-image-preview:large, max-video-preview:-1\" \/>\n<meta property=\"og:locale\" content=\"en_US\" \/>\n<meta property=\"og:type\" content=\"article\" \/>\n<meta property=\"og:title\" content=\"Parceiros - Sempre Safe\" \/>\n<meta property=\"og:description\" content=\"Nossos Parceiros A Check Point Software Technologies Ltd. \u00e9 provedora l\u00edder de solu\u00e7\u00f5es de seguran\u00e7a cibern\u00e9tica para governos e empresas no mundo todo. Suas solu\u00e7\u00f5es protegem os clientes contra ataques cibern\u00e9ticos de quinta gera\u00e7\u00e3o com uma taxa l\u00edder de captura de malware, ransomware e outros tipos de ataques. A Sempre Safe \u00e9 parceira 2 Star [&hellip;]\" \/>\n<meta property=\"og:url\" content=\"http:\/\/safe.siteup.dev\/en\/partners\/\" \/>\n<meta property=\"og:site_name\" content=\"Sempre Safe\" \/>\n<meta property=\"article:modified_time\" content=\"2022-02-25T19:46:55+00:00\" \/>\n<meta property=\"og:image\" content=\"https:\/\/safe.siteup.dev\/wp-content\/uploads\/2022\/02\/image-830-203557.png\" \/>\n<meta name=\"twitter:card\" content=\"summary\" \/>\n<meta name=\"twitter:label1\" content=\"Est. reading time\" \/>\n\t<meta name=\"twitter:data1\" content=\"3 minutes\" \/>\n<script type=\"application\/ld+json\" class=\"yoast-schema-graph\">{\"@context\":\"https:\/\/schema.org\",\"@graph\":[{\"@type\":\"Organization\",\"@id\":\"https:\/\/www.safe.upsites.dev\/#organization\",\"name\":\"Sempre Safe\",\"url\":\"https:\/\/www.safe.upsites.dev\/\",\"sameAs\":[],\"logo\":{\"@type\":\"ImageObject\",\"inLanguage\":\"en-US\",\"@id\":\"https:\/\/www.safe.upsites.dev\/#\/schema\/logo\/image\/\",\"url\":\"http:\/\/safe.upsites.dev\/wp-content\/uploads\/2022\/02\/group-185423.png\",\"contentUrl\":\"http:\/\/safe.upsites.dev\/wp-content\/uploads\/2022\/02\/group-185423.png\",\"width\":172,\"height\":70,\"caption\":\"Sempre Safe\"},\"image\":{\"@id\":\"https:\/\/www.safe.upsites.dev\/#\/schema\/logo\/image\/\"}},{\"@type\":\"WebSite\",\"@id\":\"https:\/\/www.safe.upsites.dev\/#website\",\"url\":\"https:\/\/www.safe.upsites.dev\/\",\"name\":\"Sempre Safe\",\"description\":\"\",\"publisher\":{\"@id\":\"https:\/\/www.safe.upsites.dev\/#organization\"},\"potentialAction\":[{\"@type\":\"SearchAction\",\"target\":{\"@type\":\"EntryPoint\",\"urlTemplate\":\"https:\/\/www.safe.upsites.dev\/?s={search_term_string}\"},\"query-input\":\"required name=search_term_string\"}],\"inLanguage\":\"en-US\"},{\"@type\":\"WebPage\",\"@id\":\"http:\/\/safe.siteup.dev\/en\/partners\/\",\"url\":\"http:\/\/safe.siteup.dev\/en\/partners\/\",\"name\":\"Parceiros - Sempre Safe\",\"isPartOf\":{\"@id\":\"https:\/\/www.safe.upsites.dev\/#website\"},\"datePublished\":\"2022-02-19T20:01:56+00:00\",\"dateModified\":\"2022-02-25T19:46:55+00:00\",\"breadcrumb\":{\"@id\":\"http:\/\/safe.siteup.dev\/en\/partners\/#breadcrumb\"},\"inLanguage\":\"en-US\",\"potentialAction\":[{\"@type\":\"ReadAction\",\"target\":[\"http:\/\/safe.siteup.dev\/en\/partners\/\"]}]},{\"@type\":\"BreadcrumbList\",\"@id\":\"http:\/\/safe.siteup.dev\/en\/partners\/#breadcrumb\",\"itemListElement\":[{\"@type\":\"ListItem\",\"position\":1,\"name\":\"In\u00edcio\",\"item\":\"https:\/\/www.safe.upsites.dev\/\"},{\"@type\":\"ListItem\",\"position\":2,\"name\":\"Parceiros\"}]}]}<\/script>\n<!-- \/ Yoast SEO plugin. -->","yoast_head_json":{"title":"Parceiros - Sempre Safe","robots":{"index":"noindex","follow":"follow","max-snippet":"max-snippet:-1","max-image-preview":"max-image-preview:large","max-video-preview":"max-video-preview:-1"},"og_locale":"en_US","og_type":"article","og_title":"Parceiros - Sempre Safe","og_description":"Nossos Parceiros A Check Point Software Technologies Ltd. \u00e9 provedora l\u00edder de solu\u00e7\u00f5es de seguran\u00e7a cibern\u00e9tica para governos e empresas no mundo todo. Suas solu\u00e7\u00f5es protegem os clientes contra ataques cibern\u00e9ticos de quinta gera\u00e7\u00e3o com uma taxa l\u00edder de captura de malware, ransomware e outros tipos de ataques. A Sempre Safe \u00e9 parceira 2 Star [&hellip;]","og_url":"http:\/\/safe.siteup.dev\/en\/partners\/","og_site_name":"Sempre Safe","article_modified_time":"2022-02-25T19:46:55+00:00","og_image":[{"url":"https:\/\/safe.siteup.dev\/wp-content\/uploads\/2022\/02\/image-830-203557.png"}],"twitter_card":"summary","twitter_misc":{"Est. reading time":"3 minutes"},"schema":{"@context":"https:\/\/schema.org","@graph":[{"@type":"Organization","@id":"https:\/\/www.safe.upsites.dev\/#organization","name":"Sempre Safe","url":"https:\/\/www.safe.upsites.dev\/","sameAs":[],"logo":{"@type":"ImageObject","inLanguage":"en-US","@id":"https:\/\/www.safe.upsites.dev\/#\/schema\/logo\/image\/","url":"http:\/\/safe.upsites.dev\/wp-content\/uploads\/2022\/02\/group-185423.png","contentUrl":"http:\/\/safe.upsites.dev\/wp-content\/uploads\/2022\/02\/group-185423.png","width":172,"height":70,"caption":"Sempre Safe"},"image":{"@id":"https:\/\/www.safe.upsites.dev\/#\/schema\/logo\/image\/"}},{"@type":"WebSite","@id":"https:\/\/www.safe.upsites.dev\/#website","url":"https:\/\/www.safe.upsites.dev\/","name":"Sempre Safe","description":"","publisher":{"@id":"https:\/\/www.safe.upsites.dev\/#organization"},"potentialAction":[{"@type":"SearchAction","target":{"@type":"EntryPoint","urlTemplate":"https:\/\/www.safe.upsites.dev\/?s={search_term_string}"},"query-input":"required name=search_term_string"}],"inLanguage":"en-US"},{"@type":"WebPage","@id":"http:\/\/safe.siteup.dev\/en\/partners\/","url":"http:\/\/safe.siteup.dev\/en\/partners\/","name":"Parceiros - Sempre Safe","isPartOf":{"@id":"https:\/\/www.safe.upsites.dev\/#website"},"datePublished":"2022-02-19T20:01:56+00:00","dateModified":"2022-02-25T19:46:55+00:00","breadcrumb":{"@id":"http:\/\/safe.siteup.dev\/en\/partners\/#breadcrumb"},"inLanguage":"en-US","potentialAction":[{"@type":"ReadAction","target":["http:\/\/safe.siteup.dev\/en\/partners\/"]}]},{"@type":"BreadcrumbList","@id":"http:\/\/safe.siteup.dev\/en\/partners\/#breadcrumb","itemListElement":[{"@type":"ListItem","position":1,"name":"In\u00edcio","item":"https:\/\/www.safe.upsites.dev\/"},{"@type":"ListItem","position":2,"name":"Parceiros"}]}]}},"_links":{"self":[{"href":"http:\/\/safe.upsites.dev\/en\/wp-json\/wp\/v2\/pages\/223"}],"collection":[{"href":"http:\/\/safe.upsites.dev\/en\/wp-json\/wp\/v2\/pages"}],"about":[{"href":"http:\/\/safe.upsites.dev\/en\/wp-json\/wp\/v2\/types\/page"}],"author":[{"embeddable":true,"href":"http:\/\/safe.upsites.dev\/en\/wp-json\/wp\/v2\/users\/10"}],"replies":[{"embeddable":true,"href":"http:\/\/safe.upsites.dev\/en\/wp-json\/wp\/v2\/comments?post=223"}],"version-history":[{"count":3,"href":"http:\/\/safe.upsites.dev\/en\/wp-json\/wp\/v2\/pages\/223\/revisions"}],"predecessor-version":[{"id":1909,"href":"http:\/\/safe.upsites.dev\/en\/wp-json\/wp\/v2\/pages\/223\/revisions\/1909"}],"wp:attachment":[{"href":"http:\/\/safe.upsites.dev\/en\/wp-json\/wp\/v2\/media?parent=223"}],"curies":[{"name":"wp","href":"https:\/\/api.w.org\/{rel}","templated":true}]}}