{"id":230,"date":"2022-02-19T17:03:00","date_gmt":"2022-02-19T20:03:00","guid":{"rendered":"https:\/\/safe.siteup.dev\/?page_id=230"},"modified":"2022-02-25T17:28:58","modified_gmt":"2022-02-25T20:28:58","slug":"blog","status":"publish","type":"page","link":"http:\/\/safe.upsites.dev\/en\/blog\/","title":{"rendered":"Blog"},"content":{"rendered":"<div data-elementor-type=\"wp-page\" data-elementor-id=\"230\" class=\"elementor elementor-230\">\n\t\t\t\t\t\t<div class=\"elementor-inner\">\n\t\t\t\t<div class=\"elementor-section-wrap\">\n\t\t\t\t\t\t\t\t\t<section class=\"has_ae_slider elementor-section elementor-top-section elementor-element elementor-element-039c285 blog elementor-section-boxed elementor-section-height-default elementor-section-height-default ae-bg-gallery-type-default\" data-id=\"039c285\" data-element_type=\"section\" data-settings=\"{&quot;jet_parallax_layout_list&quot;:[]}\">\n\t\t\t\t\t\t<div class=\"elementor-container elementor-column-gap-default\">\n\t\t\t\t\t\t\t<div class=\"elementor-row\">\n\t\t\t\t\t<div class=\"has_ae_slider elementor-column elementor-col-100 elementor-top-column elementor-element elementor-element-5d889b4 ae-bg-gallery-type-default\" data-id=\"5d889b4\" data-element_type=\"column\">\n\t\t\t<div class=\"elementor-column-wrap elementor-element-populated\">\n\t\t\t\t\t\t\t<div class=\"elementor-widget-wrap\">\n\t\t\t\t\t\t<div class=\"elementor-element elementor-element-91096b9 elementor-widget elementor-widget-heading\" data-id=\"91096b9\" data-element_type=\"widget\" data-widget_type=\"heading.default\">\n\t\t\t\t<div class=\"elementor-widget-container\">\n\t\t\t<h2 class=\"elementor-heading-title elementor-size-default\">Fique por dentro das novidades<\/h2>\t\t<\/div>\n\t\t\t\t<\/div>\n\t\t\t\t<div class=\"elementor-element elementor-element-f9a3566 elementor-grid-3 elementor-grid-tablet-2 elementor-grid-mobile-1 elementor-posts--thumbnail-top elementor-card-shadow-yes elementor-posts__hover-gradient elementor-widget elementor-widget-posts\" data-id=\"f9a3566\" data-element_type=\"widget\" data-settings=\"{&quot;pagination_type&quot;:&quot;numbers&quot;,&quot;cards_columns&quot;:&quot;3&quot;,&quot;cards_columns_tablet&quot;:&quot;2&quot;,&quot;cards_columns_mobile&quot;:&quot;1&quot;,&quot;cards_row_gap&quot;:{&quot;unit&quot;:&quot;px&quot;,&quot;size&quot;:35,&quot;sizes&quot;:[]},&quot;cards_row_gap_tablet&quot;:{&quot;unit&quot;:&quot;px&quot;,&quot;size&quot;:&quot;&quot;,&quot;sizes&quot;:[]},&quot;cards_row_gap_mobile&quot;:{&quot;unit&quot;:&quot;px&quot;,&quot;size&quot;:&quot;&quot;,&quot;sizes&quot;:[]}}\" data-widget_type=\"posts.cards\">\n\t\t\t\t<div class=\"elementor-widget-container\">\n\t\t\t\t\t<div class=\"elementor-posts-container elementor-posts elementor-posts--skin-cards elementor-grid\">\n\t\t\t\t<article class=\"elementor-post elementor-grid-item post-575 post type-post status-publish format-standard has-post-thumbnail hentry category-uncategorized\">\n\t\t\t<div class=\"elementor-post__card\">\n\t\t\t\t<a class=\"elementor-post__thumbnail__link\" href=\"http:\/\/safe.upsites.dev\/en\/dicas-para-implementar-a-ciberseguranca-na-sua-empresa\/\" ><div class=\"elementor-post__thumbnail\"><img width=\"300\" height=\"233\" src=\"http:\/\/safe.upsites.dev\/wp-content\/uploads\/2022\/02\/capa-blog-3-233501-300x233.png\" class=\"attachment-medium size-medium\" alt=\"capa blog\" loading=\"lazy\" srcset=\"http:\/\/safe.upsites.dev\/wp-content\/uploads\/2022\/02\/capa-blog-3-233501-300x233.png 300w, http:\/\/safe.upsites.dev\/wp-content\/uploads\/2022\/02\/capa-blog-3-233501.png 356w\" sizes=\"(max-width: 300px) 100vw, 300px\" \/><\/div><\/a>\n\t\t\t\t<div class=\"elementor-post__text\">\n\t\t\t\t<h2 class=\"elementor-post__title\">\n\t\t\t<a href=\"http:\/\/safe.upsites.dev\/en\/dicas-para-implementar-a-ciberseguranca-na-sua-empresa\/\" >\n\t\t\t\tDicas para implementar a ciberseguran\u00e7a na sua empresa\t\t\t<\/a>\n\t\t<\/h2>\n\t\t\t\t<div class=\"elementor-post__excerpt\">\n\t\t\t<p>Voc\u00ea sabe como implementar a ciberseguran\u00e7a na sua empresa? Entender o que deve ser feito para manter a prote\u00e7\u00e3o do neg\u00f3cio \u00e9 essencial para que o empreendimento seja mantido em pleno funcionamento e n\u00e3o seja prejudicado por ataques cibern\u00e9ticos.<\/p>\n\t\t<\/div>\n\t\t\n\t\t<a class=\"elementor-post__read-more\" href=\"http:\/\/safe.upsites.dev\/en\/dicas-para-implementar-a-ciberseguranca-na-sua-empresa\/\" >\n\t\t\tRead more\t\t<\/a>\n\n\t\t\t\t<\/div>\n\t\t\t\t\t<\/div>\n\t\t<\/article>\n\t\t\t\t<article class=\"elementor-post elementor-grid-item post-576 post type-post status-publish format-standard has-post-thumbnail hentry category-uncategorized\">\n\t\t\t<div class=\"elementor-post__card\">\n\t\t\t\t<a class=\"elementor-post__thumbnail__link\" href=\"http:\/\/safe.upsites.dev\/en\/a-importancia-da-infraestrutura-para-a-seguranca-da-informacao\/\" ><div class=\"elementor-post__thumbnail\"><img width=\"300\" height=\"235\" src=\"http:\/\/safe.upsites.dev\/wp-content\/uploads\/2022\/02\/capa-blog-2-233459-300x235.png\" class=\"attachment-medium size-medium\" alt=\"capa blog\" loading=\"lazy\" srcset=\"http:\/\/safe.upsites.dev\/wp-content\/uploads\/2022\/02\/capa-blog-2-233459-300x235.png 300w, http:\/\/safe.upsites.dev\/wp-content\/uploads\/2022\/02\/capa-blog-2-233459.png 354w\" sizes=\"(max-width: 300px) 100vw, 300px\" \/><\/div><\/a>\n\t\t\t\t<div class=\"elementor-post__text\">\n\t\t\t\t<h2 class=\"elementor-post__title\">\n\t\t\t<a href=\"http:\/\/safe.upsites.dev\/en\/a-importancia-da-infraestrutura-para-a-seguranca-da-informacao\/\" >\n\t\t\t\tA import\u00e2ncia da infraestrutura para a seguran\u00e7a da informa\u00e7\u00e3o\t\t\t<\/a>\n\t\t<\/h2>\n\t\t\t\t<div class=\"elementor-post__excerpt\">\n\t\t\t<p>Uma empresa que n\u00e3o investe em seguran\u00e7a da informa\u00e7\u00e3o nos dias de hoje corre s\u00e9rios riscos de n\u00e3o se manter firme nos neg\u00f3cios. Essa \u00e9 uma afirmativa carregada de verdade, pois\u00a0a seguran\u00e7a da informa\u00e7\u00e3o tornou-se essencial para garantir o bom desempenho das empresas\u00a0nos diversos segmentos do mercado.<\/p>\n\t\t<\/div>\n\t\t\n\t\t<a class=\"elementor-post__read-more\" href=\"http:\/\/safe.upsites.dev\/en\/a-importancia-da-infraestrutura-para-a-seguranca-da-informacao\/\" >\n\t\t\tRead more\t\t<\/a>\n\n\t\t\t\t<\/div>\n\t\t\t\t\t<\/div>\n\t\t<\/article>\n\t\t\t\t<article class=\"elementor-post elementor-grid-item post-570 post type-post status-publish format-standard has-post-thumbnail hentry category-uncategorized\">\n\t\t\t<div class=\"elementor-post__card\">\n\t\t\t\t<a class=\"elementor-post__thumbnail__link\" href=\"http:\/\/safe.upsites.dev\/en\/ransomware-saiba-como-proteger-a-sua-empresa-do-ataque\/\" ><div class=\"elementor-post__thumbnail\"><img width=\"300\" height=\"232\" src=\"http:\/\/safe.upsites.dev\/wp-content\/uploads\/2022\/02\/capa-blog-1-233456-300x232.png\" class=\"attachment-medium size-medium\" alt=\"capa blog\" loading=\"lazy\" srcset=\"http:\/\/safe.upsites.dev\/wp-content\/uploads\/2022\/02\/capa-blog-1-233456-300x232.png 300w, http:\/\/safe.upsites.dev\/wp-content\/uploads\/2022\/02\/capa-blog-1-233456.png 358w\" sizes=\"(max-width: 300px) 100vw, 300px\" \/><\/div><\/a>\n\t\t\t\t<div class=\"elementor-post__text\">\n\t\t\t\t<h2 class=\"elementor-post__title\">\n\t\t\t<a href=\"http:\/\/safe.upsites.dev\/en\/ransomware-saiba-como-proteger-a-sua-empresa-do-ataque\/\" >\n\t\t\t\tRansomware: Saiba como proteger a sua empresa do ataque\t\t\t<\/a>\n\t\t<\/h2>\n\t\t\t\t<div class=\"elementor-post__excerpt\">\n\t\t\t<p>Recentemente, uma grande empresa brasileira sofreu um ataque\u00a0ransomware. O sequestro digital foi respons\u00e1vel por deixar a plataforma\u00a0online\u00a0da marca fora do ar e paralisou os pagamentos por meios digitais das lojas que operam fisicamente.<\/p>\n\t\t<\/div>\n\t\t\n\t\t<a class=\"elementor-post__read-more\" href=\"http:\/\/safe.upsites.dev\/en\/ransomware-saiba-como-proteger-a-sua-empresa-do-ataque\/\" >\n\t\t\tRead more\t\t<\/a>\n\n\t\t\t\t<\/div>\n\t\t\t\t\t<\/div>\n\t\t<\/article>\n\t\t\t\t<\/div>\n\n\n\t\t\n\t\t\t\t<\/div>\n\t\t\t\t<\/div>\n\t\t\t\t\t\t<\/div>\n\t\t\t\t\t<\/div>\n\t\t<\/div>\n\t\t\t\t\t\t\t\t<\/div>\n\t\t\t\t\t<\/div>\n\t\t<\/section>\n\t\t\t\t\t\t\t\t\t<\/div>\n\t\t\t<\/div>\n\t\t\t\t\t<\/div>","protected":false},"excerpt":{"rendered":"<p>Fique por dentro das novidades<\/p>","protected":false},"author":10,"featured_media":0,"parent":0,"menu_order":0,"comment_status":"closed","ping_status":"closed","template":"elementor_header_footer","meta":[],"acf":[],"yoast_head":"<!-- This site is optimized with the Yoast SEO plugin v19.4 - https:\/\/yoast.com\/wordpress\/plugins\/seo\/ -->\n<title>Blog - Sempre Safe<\/title>\n<meta name=\"robots\" content=\"noindex, follow, max-snippet:-1, max-image-preview:large, max-video-preview:-1\" \/>\n<meta property=\"og:locale\" content=\"en_US\" \/>\n<meta property=\"og:type\" content=\"article\" \/>\n<meta property=\"og:title\" content=\"Blog - Sempre Safe\" \/>\n<meta property=\"og:description\" content=\"Fique por dentro das novidades\" \/>\n<meta property=\"og:url\" content=\"http:\/\/safe.upsites.dev\/en\/blog\/\" \/>\n<meta property=\"og:site_name\" content=\"Sempre Safe\" \/>\n<meta property=\"article:modified_time\" content=\"2022-02-25T20:28:58+00:00\" \/>\n<meta name=\"twitter:card\" content=\"summary\" \/>\n<meta name=\"twitter:label1\" content=\"Est. reading time\" \/>\n\t<meta name=\"twitter:data1\" content=\"2 minutes\" \/>\n<script type=\"application\/ld+json\" class=\"yoast-schema-graph\">{\"@context\":\"https:\/\/schema.org\",\"@graph\":[{\"@type\":\"Organization\",\"@id\":\"https:\/\/www.safe.upsites.dev\/#organization\",\"name\":\"Sempre Safe\",\"url\":\"https:\/\/www.safe.upsites.dev\/\",\"sameAs\":[],\"logo\":{\"@type\":\"ImageObject\",\"inLanguage\":\"en-US\",\"@id\":\"https:\/\/www.safe.upsites.dev\/#\/schema\/logo\/image\/\",\"url\":\"http:\/\/safe.upsites.dev\/wp-content\/uploads\/2022\/02\/group-185423.png\",\"contentUrl\":\"http:\/\/safe.upsites.dev\/wp-content\/uploads\/2022\/02\/group-185423.png\",\"width\":172,\"height\":70,\"caption\":\"Sempre Safe\"},\"image\":{\"@id\":\"https:\/\/www.safe.upsites.dev\/#\/schema\/logo\/image\/\"}},{\"@type\":\"WebSite\",\"@id\":\"https:\/\/www.safe.upsites.dev\/#website\",\"url\":\"https:\/\/www.safe.upsites.dev\/\",\"name\":\"Sempre Safe\",\"description\":\"\",\"publisher\":{\"@id\":\"https:\/\/www.safe.upsites.dev\/#organization\"},\"potentialAction\":[{\"@type\":\"SearchAction\",\"target\":{\"@type\":\"EntryPoint\",\"urlTemplate\":\"https:\/\/www.safe.upsites.dev\/?s={search_term_string}\"},\"query-input\":\"required name=search_term_string\"}],\"inLanguage\":\"en-US\"},{\"@type\":\"WebPage\",\"@id\":\"http:\/\/safe.upsites.dev\/blog\/\",\"url\":\"http:\/\/safe.upsites.dev\/blog\/\",\"name\":\"Blog - Sempre Safe\",\"isPartOf\":{\"@id\":\"https:\/\/www.safe.upsites.dev\/#website\"},\"datePublished\":\"2022-02-19T20:03:00+00:00\",\"dateModified\":\"2022-02-25T20:28:58+00:00\",\"breadcrumb\":{\"@id\":\"http:\/\/safe.upsites.dev\/blog\/#breadcrumb\"},\"inLanguage\":\"en-US\",\"potentialAction\":[{\"@type\":\"ReadAction\",\"target\":[\"http:\/\/safe.upsites.dev\/blog\/\"]}]},{\"@type\":\"BreadcrumbList\",\"@id\":\"http:\/\/safe.upsites.dev\/blog\/#breadcrumb\",\"itemListElement\":[{\"@type\":\"ListItem\",\"position\":1,\"name\":\"In\u00edcio\",\"item\":\"https:\/\/www.safe.upsites.dev\/\"},{\"@type\":\"ListItem\",\"position\":2,\"name\":\"Blog\"}]}]}<\/script>\n<!-- \/ Yoast SEO plugin. -->","yoast_head_json":{"title":"Blog - Sempre Safe","robots":{"index":"noindex","follow":"follow","max-snippet":"max-snippet:-1","max-image-preview":"max-image-preview:large","max-video-preview":"max-video-preview:-1"},"og_locale":"en_US","og_type":"article","og_title":"Blog - Sempre Safe","og_description":"Fique por dentro das novidades","og_url":"http:\/\/safe.upsites.dev\/en\/blog\/","og_site_name":"Sempre Safe","article_modified_time":"2022-02-25T20:28:58+00:00","twitter_card":"summary","twitter_misc":{"Est. reading time":"2 minutes"},"schema":{"@context":"https:\/\/schema.org","@graph":[{"@type":"Organization","@id":"https:\/\/www.safe.upsites.dev\/#organization","name":"Sempre Safe","url":"https:\/\/www.safe.upsites.dev\/","sameAs":[],"logo":{"@type":"ImageObject","inLanguage":"en-US","@id":"https:\/\/www.safe.upsites.dev\/#\/schema\/logo\/image\/","url":"http:\/\/safe.upsites.dev\/wp-content\/uploads\/2022\/02\/group-185423.png","contentUrl":"http:\/\/safe.upsites.dev\/wp-content\/uploads\/2022\/02\/group-185423.png","width":172,"height":70,"caption":"Sempre Safe"},"image":{"@id":"https:\/\/www.safe.upsites.dev\/#\/schema\/logo\/image\/"}},{"@type":"WebSite","@id":"https:\/\/www.safe.upsites.dev\/#website","url":"https:\/\/www.safe.upsites.dev\/","name":"Sempre Safe","description":"","publisher":{"@id":"https:\/\/www.safe.upsites.dev\/#organization"},"potentialAction":[{"@type":"SearchAction","target":{"@type":"EntryPoint","urlTemplate":"https:\/\/www.safe.upsites.dev\/?s={search_term_string}"},"query-input":"required name=search_term_string"}],"inLanguage":"en-US"},{"@type":"WebPage","@id":"http:\/\/safe.upsites.dev\/blog\/","url":"http:\/\/safe.upsites.dev\/blog\/","name":"Blog - Sempre Safe","isPartOf":{"@id":"https:\/\/www.safe.upsites.dev\/#website"},"datePublished":"2022-02-19T20:03:00+00:00","dateModified":"2022-02-25T20:28:58+00:00","breadcrumb":{"@id":"http:\/\/safe.upsites.dev\/blog\/#breadcrumb"},"inLanguage":"en-US","potentialAction":[{"@type":"ReadAction","target":["http:\/\/safe.upsites.dev\/blog\/"]}]},{"@type":"BreadcrumbList","@id":"http:\/\/safe.upsites.dev\/blog\/#breadcrumb","itemListElement":[{"@type":"ListItem","position":1,"name":"In\u00edcio","item":"https:\/\/www.safe.upsites.dev\/"},{"@type":"ListItem","position":2,"name":"Blog"}]}]}},"_links":{"self":[{"href":"http:\/\/safe.upsites.dev\/en\/wp-json\/wp\/v2\/pages\/230"}],"collection":[{"href":"http:\/\/safe.upsites.dev\/en\/wp-json\/wp\/v2\/pages"}],"about":[{"href":"http:\/\/safe.upsites.dev\/en\/wp-json\/wp\/v2\/types\/page"}],"author":[{"embeddable":true,"href":"http:\/\/safe.upsites.dev\/en\/wp-json\/wp\/v2\/users\/10"}],"replies":[{"embeddable":true,"href":"http:\/\/safe.upsites.dev\/en\/wp-json\/wp\/v2\/comments?post=230"}],"version-history":[{"count":3,"href":"http:\/\/safe.upsites.dev\/en\/wp-json\/wp\/v2\/pages\/230\/revisions"}],"predecessor-version":[{"id":1980,"href":"http:\/\/safe.upsites.dev\/en\/wp-json\/wp\/v2\/pages\/230\/revisions\/1980"}],"wp:attachment":[{"href":"http:\/\/safe.upsites.dev\/en\/wp-json\/wp\/v2\/media?parent=230"}],"curies":[{"name":"wp","href":"https:\/\/api.w.org\/{rel}","templated":true}]}}