{"id":689,"date":"2022-02-21T23:51:14","date_gmt":"2022-02-22T02:51:14","guid":{"rendered":"https:\/\/safe.siteup.dev\/?page_id=689"},"modified":"2022-02-25T18:22:45","modified_gmt":"2022-02-25T21:22:45","slug":"cloud-security","status":"publish","type":"page","link":"http:\/\/safe.upsites.dev\/en\/cloud-security\/","title":{"rendered":"Cloud Security"},"content":{"rendered":"<div data-elementor-type=\"wp-page\" data-elementor-id=\"689\" class=\"elementor elementor-689\">\n\t\t\t\t\t\t<div class=\"elementor-inner\">\n\t\t\t\t<div class=\"elementor-section-wrap\">\n\t\t\t\t\t\t\t\t\t<section class=\"has_ae_slider elementor-section elementor-top-section elementor-element elementor-element-ddc0fb0 elementor-section-boxed elementor-section-height-default elementor-section-height-default ae-bg-gallery-type-default\" data-id=\"ddc0fb0\" data-element_type=\"section\" data-settings=\"{&quot;jet_parallax_layout_list&quot;:[],&quot;background_background&quot;:&quot;video&quot;,&quot;background_video_end&quot;:75,&quot;background_video_link&quot;:&quot;https:\\\/\\\/youtu.be\\\/QPaeJ3-8JLs&quot;,&quot;background_privacy_mode&quot;:&quot;yes&quot;}\">\n\t\t\t\t\t\t\t\t<div class=\"elementor-background-video-container elementor-hidden-phone\">\n\t\t\t\t\t\t\t\t\t\t\t\t\t<div class=\"elementor-background-video-embed\"><\/div>\n\t\t\t\t\t\t\t\t\t\t\t\t<\/div>\n\t\t\t\t\t\t\t\t\t<div class=\"elementor-background-overlay\"><\/div>\n\t\t\t\t\t\t\t<div class=\"elementor-container elementor-column-gap-default\">\n\t\t\t\t\t\t\t<div class=\"elementor-row\">\n\t\t\t\t\t<div class=\"has_ae_slider elementor-column elementor-col-100 elementor-top-column elementor-element elementor-element-0f8761e ae-bg-gallery-type-default\" data-id=\"0f8761e\" data-element_type=\"column\">\n\t\t\t<div class=\"elementor-column-wrap elementor-element-populated\">\n\t\t\t\t\t\t\t<div class=\"elementor-widget-wrap\">\n\t\t\t\t\t\t<section class=\"has_ae_slider elementor-section elementor-inner-section elementor-element elementor-element-4e1dbc3 elementor-section-boxed elementor-section-height-default elementor-section-height-default ae-bg-gallery-type-default\" data-id=\"4e1dbc3\" data-element_type=\"section\" data-settings=\"{&quot;jet_parallax_layout_list&quot;:[]}\">\n\t\t\t\t\t\t<div class=\"elementor-container elementor-column-gap-default\">\n\t\t\t\t\t\t\t<div class=\"elementor-row\">\n\t\t\t\t\t<div class=\"has_ae_slider elementor-column elementor-col-50 elementor-inner-column elementor-element elementor-element-cd054f8 ae-bg-gallery-type-default\" data-id=\"cd054f8\" data-element_type=\"column\">\n\t\t\t<div class=\"elementor-column-wrap elementor-element-populated\">\n\t\t\t\t\t\t\t<div class=\"elementor-widget-wrap\">\n\t\t\t\t\t\t<div class=\"elementor-element elementor-element-bddd2be elementor-widget elementor-widget-heading\" data-id=\"bddd2be\" data-element_type=\"widget\" data-widget_type=\"heading.default\">\n\t\t\t\t<div class=\"elementor-widget-container\">\n\t\t\t<h2 class=\"elementor-heading-title elementor-size-default\">Cloud Security\n<\/h2>\t\t<\/div>\n\t\t\t\t<\/div>\n\t\t\t\t<div class=\"elementor-element elementor-element-059a82e elementor-widget elementor-widget-image\" data-id=\"059a82e\" data-element_type=\"widget\" data-widget_type=\"image.default\">\n\t\t\t\t<div class=\"elementor-widget-container\">\n\t\t\t\t\t\t\t\t<div class=\"elementor-image\">\n\t\t\t\t\t\t\t\t\t\t\t\t<img width=\"577\" height=\"395\" src=\"http:\/\/safe.upsites.dev\/wp-content\/uploads\/2022\/02\/Rectangle-2241-1.png\" class=\"attachment-large size-large\" alt=\"Rectangle\" loading=\"lazy\" srcset=\"http:\/\/safe.upsites.dev\/wp-content\/uploads\/2022\/02\/Rectangle-2241-1.png 577w, http:\/\/safe.upsites.dev\/wp-content\/uploads\/2022\/02\/Rectangle-2241-1-300x205.png 300w\" sizes=\"(max-width: 577px) 100vw, 577px\" \/>\t\t\t\t\t\t\t\t\t\t\t\t\t\t<\/div>\n\t\t\t\t\t\t<\/div>\n\t\t\t\t<\/div>\n\t\t\t\t\t\t<\/div>\n\t\t\t\t\t<\/div>\n\t\t<\/div>\n\t\t\t\t<div class=\"has_ae_slider elementor-column elementor-col-50 elementor-inner-column elementor-element elementor-element-6d750dc ae-bg-gallery-type-default\" data-id=\"6d750dc\" data-element_type=\"column\">\n\t\t\t<div class=\"elementor-column-wrap elementor-element-populated\">\n\t\t\t\t\t\t\t<div class=\"elementor-widget-wrap\">\n\t\t\t\t\t\t<div class=\"elementor-element elementor-element-04d6efc elementor-widget elementor-widget-heading\" data-id=\"04d6efc\" data-element_type=\"widget\" data-widget_type=\"heading.default\">\n\t\t\t\t<div class=\"elementor-widget-container\">\n\t\t\t<h2 class=\"elementor-heading-title elementor-size-default\">Lorem ipsum dolor sit amet, consectetur adipiscing elit.<\/h2>\t\t<\/div>\n\t\t\t\t<\/div>\n\t\t\t\t<div class=\"elementor-element elementor-element-078426d elementor-widget__width-initial elementor-widget elementor-widget-text-editor\" data-id=\"078426d\" data-element_type=\"widget\" data-widget_type=\"text-editor.default\">\n\t\t\t\t<div class=\"elementor-widget-container\">\n\t\t\t\t\t\t\t\t<div class=\"elementor-text-editor elementor-clearfix\">\n\t\t\t\t<p>Cloud Security, make your public or private Cloud secure. We offer Cloud and Multicloud protection. <\/p>\t\t\t\t\t<\/div>\n\t\t\t\t\t\t<\/div>\n\t\t\t\t<\/div>\n\t\t\t\t<div class=\"elementor-element elementor-element-a21c874 elementor-widget__width-initial elementor-widget elementor-widget-text-editor\" data-id=\"a21c874\" data-element_type=\"widget\" data-widget_type=\"text-editor.default\">\n\t\t\t\t<div class=\"elementor-widget-container\">\n\t\t\t\t\t\t\t\t<div class=\"elementor-text-editor elementor-clearfix\">\n\t\t\t\t<p>Set of policies, technologies, applications and controls used to protect virtualized IP, data, applications, services, and the associated cloud computing infrastructure.<\/p>\t\t\t\t\t<\/div>\n\t\t\t\t\t\t<\/div>\n\t\t\t\t<\/div>\n\t\t\t\t\t\t<\/div>\n\t\t\t\t\t<\/div>\n\t\t<\/div>\n\t\t\t\t\t\t\t\t<\/div>\n\t\t\t\t\t<\/div>\n\t\t<\/section>\n\t\t\t\t<section class=\"has_ae_slider elementor-section elementor-inner-section elementor-element elementor-element-dfd5b75 elementor-section-boxed elementor-section-height-default elementor-section-height-default ae-bg-gallery-type-default\" data-id=\"dfd5b75\" data-element_type=\"section\" data-settings=\"{&quot;jet_parallax_layout_list&quot;:[]}\">\n\t\t\t\t\t\t<div class=\"elementor-container elementor-column-gap-default\">\n\t\t\t\t\t\t\t<div class=\"elementor-row\">\n\t\t\t\t\t<div class=\"has_ae_slider elementor-column elementor-col-100 elementor-inner-column elementor-element elementor-element-75c6fcf ae-bg-gallery-type-default\" data-id=\"75c6fcf\" data-element_type=\"column\">\n\t\t\t<div class=\"elementor-column-wrap elementor-element-populated\">\n\t\t\t\t\t\t\t<div class=\"elementor-widget-wrap\">\n\t\t\t\t\t\t<div class=\"elementor-element elementor-element-ee9bc28 elementor-widget elementor-widget-template\" data-id=\"ee9bc28\" data-element_type=\"widget\" data-widget_type=\"template.default\">\n\t\t\t\t<div class=\"elementor-widget-container\">\n\t\t\t\t\t<div class=\"elementor-template\">\n\t\t\t\t\t<div data-elementor-type=\"section\" data-elementor-id=\"695\" class=\"elementor elementor-695\">\n\t\t\t\t\t<div class=\"elementor-section-wrap\">\n\t\t\t\t\t\t\t\t<section class=\"has_ae_slider elementor-section elementor-top-section elementor-element elementor-element-dc0375a elementor-section-boxed elementor-section-height-default elementor-section-height-default ae-bg-gallery-type-default\" data-id=\"dc0375a\" data-element_type=\"section\" data-settings=\"{&quot;jet_parallax_layout_list&quot;:[]}\">\n\t\t\t\t\t\t<div class=\"elementor-container elementor-column-gap-default\">\n\t\t\t\t\t\t\t<div class=\"elementor-row\">\n\t\t\t\t\t<div class=\"has_ae_slider elementor-column elementor-col-50 elementor-top-column elementor-element elementor-element-0a5a18b ae-bg-gallery-type-default\" data-id=\"0a5a18b\" data-element_type=\"column\">\n\t\t\t<div class=\"elementor-column-wrap elementor-element-populated\">\n\t\t\t\t\t\t\t<div class=\"elementor-widget-wrap\">\n\t\t\t\t\t\t<div class=\"elementor-element elementor-element-a6f2b8e elementor-widget elementor-widget-image\" data-id=\"a6f2b8e\" data-element_type=\"widget\" data-widget_type=\"image.default\">\n\t\t\t\t<div class=\"elementor-widget-container\">\n\t\t\t\t\t\t\t\t<div class=\"elementor-image\">\n\t\t\t\t\t\t\t\t\t\t\t\t<img width=\"610\" height=\"388\" src=\"http:\/\/safe.upsites.dev\/wp-content\/uploads\/2022\/02\/portrait-woman-customer-service-worker-1.png\" class=\"attachment-large size-large\" alt=\"portrait woman customer service worker\" loading=\"lazy\" srcset=\"http:\/\/safe.upsites.dev\/wp-content\/uploads\/2022\/02\/portrait-woman-customer-service-worker-1.png 610w, http:\/\/safe.upsites.dev\/wp-content\/uploads\/2022\/02\/portrait-woman-customer-service-worker-1-300x191.png 300w\" sizes=\"(max-width: 610px) 100vw, 610px\" \/>\t\t\t\t\t\t\t\t\t\t\t\t\t\t<\/div>\n\t\t\t\t\t\t<\/div>\n\t\t\t\t<\/div>\n\t\t\t\t\t\t<\/div>\n\t\t\t\t\t<\/div>\n\t\t<\/div>\n\t\t\t\t<div class=\"has_ae_slider elementor-column elementor-col-50 elementor-top-column elementor-element elementor-element-6de93f8 ae-bg-gallery-type-default\" data-id=\"6de93f8\" data-element_type=\"column\" id=\"btn-escpecialista\" data-settings=\"{&quot;background_background&quot;:&quot;classic&quot;}\">\n\t\t\t<div class=\"elementor-column-wrap elementor-element-populated\">\n\t\t\t\t\t\t\t<div class=\"elementor-widget-wrap\">\n\t\t\t\t\t\t<div class=\"elementor-element elementor-element-5c40cf2 elementor-widget__width-initial elementor-widget elementor-widget-heading\" data-id=\"5c40cf2\" data-element_type=\"widget\" data-widget_type=\"heading.default\">\n\t\t\t\t<div class=\"elementor-widget-container\">\n\t\t\t<h2 class=\"elementor-heading-title elementor-size-default\">Esta com alguma d\u00favida? Estamos prontos para lhe ajudar<\/h2>\t\t<\/div>\n\t\t\t\t<\/div>\n\t\t\t\t<div class=\"elementor-element elementor-element-438ee3f elementor-widget elementor-widget-html\" data-id=\"438ee3f\" data-element_type=\"widget\" data-widget_type=\"html.default\">\n\t\t\t\t<div class=\"elementor-widget-container\">\n\t\t\t<style>\r\n  #btn-escpecialista .btn-special {\r\nposition: relative;\r\nfont-family: \"Roboto\", Roboto !important;\r\nfont-style: normal;\r\nfont-weight: normal;\r\nfont-size: 12px;\r\nline-height: 140%;\r\ntext-transform: uppercase;\r\ncolor: #ffffff!important;\r\ndisplay: inline-block;\r\ntransition: all 0.3s ease 0s;\r\n-webkit-transition: all 0.3s ease 0s;\r\n}\r\n\r\n#btn-escpecialista .btn-special:hover {\r\ntransition: all .5s ease;\r\ntransform: scale(0.9);\r\n}\r\n\r\n#btn-escpecialista .btn-special span {\r\ndisplay: block;\r\n\r\n}\r\n\r\n#btn-escpecialista .btn-special span b {\r\nbackground: transparent!important;\r\nborder: 1px solid #ffffff;\r\ndisplay: block;\r\npadding: 15px 45px;\r\n}\r\n\r\n#btn-escpecialista .btn-special:before,\r\n#btn-escpecialista .btn-special:after,\r\n#btn-escpecialista .btn-special span:before,\r\n#btn-escpecialista .btn-special span:after {\r\ncontent: '';\r\nbackground: rgba(255, 255, 255, 1);\r\nwidth: 5px;\r\nheight: 5px;\r\nborder: 1px solid #ffffff;\r\nposition: absolute;\r\n-webkit-box-shadow: 0px 0px 16px 11px rgba(255, 255, 255, 0.2);\r\nbox-shadow: 0px 0px 16px 11px rgba(255, 255, 255, 0.2);\r\n\r\n}\r\n\r\n#btn-escpecialista .btn-special:after {\r\nborder-width: 0 0 2px 2px;\r\nbottom: -1px;\r\nleft: -1px;\r\n}\r\n\r\n#btn-escpecialista .btn-special:before {\r\ncontent: '';\r\nborder-width: 0px 2px 2px 0;\r\nbottom: -1px;\r\nright: -1px;\r\n}\r\n\r\n#btn-escpecialista .btn-special span:after {\r\nborder-width: 2px 0 0 2px;\r\ntop: -1px;\r\nleft: -1px;\r\n\r\n}\r\n\r\n#btn-escpecialista .btn-special span:before {\r\ncontent: '';\r\nborder-width: 2px 2px 0 0;\r\ntop: -1px;\r\nright: -1px;\r\n}\r\n<\/style>\r\n<a href=\"http:\/\/safe.upsites.dev\/en\/training\/#form-espec\/\" class=\"btn-special\"><span><b>TALK TO ONE OF OUR SPECIALISTS<\/b><\/span><\/a>\t\t<\/div>\n\t\t\t\t<\/div>\n\t\t\t\t<div class=\"elementor-element elementor-element-898c6fc elementor-view-stacked elementor-widget__width-auto elementor-absolute elementor-hidden-tablet elementor-hidden-mobile animated-slow elementor-shape-circle elementor-invisible elementor-widget elementor-widget-icon\" data-id=\"898c6fc\" data-element_type=\"widget\" data-settings=\"{&quot;_position&quot;:&quot;absolute&quot;,&quot;_animation&quot;:&quot;zoomIn&quot;}\" data-widget_type=\"icon.default\">\n\t\t\t\t<div class=\"elementor-widget-container\">\n\t\t\t\t\t<div class=\"elementor-icon-wrapper\">\n\t\t\t<div class=\"elementor-icon\">\n\t\t\t<svg xmlns=\"http:\/\/www.w3.org\/2000\/svg\" width=\"39\" height=\"22\" viewbox=\"0 0 39 22\" fill=\"none\"><path d=\"M27.0403 0.90918C29.6821 7.02295 32.1419 8.66094 36.993 10.8619C31.5598 13.4164 29.5112 15.7099 27.0403 20.8145\" stroke=\"#5A1AF0\"><\/path><path d=\"M35.8873 10.8619H0.5\" stroke=\"#5A1AF0\"><\/path><\/svg>\t\t\t<\/div>\n\t\t<\/div>\n\t\t\t\t<\/div>\n\t\t\t\t<\/div>\n\t\t\t\t\t\t<\/div>\n\t\t\t\t\t<\/div>\n\t\t<\/div>\n\t\t\t\t\t\t\t\t<\/div>\n\t\t\t\t\t<\/div>\n\t\t<\/section>\n\t\t\t\t\t\t\t<\/div>\n\t\t\t\t<\/div>\n\t\t\t\t<\/div>\n\t\t\t\t<\/div>\n\t\t\t\t<\/div>\n\t\t\t\t\t\t<\/div>\n\t\t\t\t\t<\/div>\n\t\t<\/div>\n\t\t\t\t\t\t\t\t<\/div>\n\t\t\t\t\t<\/div>\n\t\t<\/section>\n\t\t\t\t\t\t<\/div>\n\t\t\t\t\t<\/div>\n\t\t<\/div>\n\t\t\t\t\t\t\t\t<\/div>\n\t\t\t\t\t<\/div>\n\t\t<\/section>\n\t\t\t\t\t\t\t\t\t<\/div>\n\t\t\t<\/div>\n\t\t\t\t\t<\/div>","protected":false},"excerpt":{"rendered":"<p>Cloud Security Lorem ipsum dolor sit amet, consectetur adipiscing elit. Cloud Security, torne sua Cloud p\u00fablica ou privada segura. Oferecemos prote\u00e7\u00e3o para Cloud e Multicloud. Conjunto de pol\u00edticas, tecnologias, aplicativos e controles utilizados para proteger IP virtualizado, dados, aplicativos, servi\u00e7os e a infraestrutura associada de computa\u00e7\u00e3o em nuvem<\/p>","protected":false},"author":10,"featured_media":0,"parent":0,"menu_order":0,"comment_status":"closed","ping_status":"closed","template":"elementor_header_footer","meta":[],"acf":[],"yoast_head":"<!-- This site is optimized with the Yoast SEO plugin v19.4 - https:\/\/yoast.com\/wordpress\/plugins\/seo\/ -->\n<title>Cloud Security - Sempre Safe<\/title>\n<meta name=\"robots\" content=\"noindex, follow, max-snippet:-1, max-image-preview:large, max-video-preview:-1\" \/>\n<meta property=\"og:locale\" content=\"en_US\" \/>\n<meta property=\"og:type\" content=\"article\" \/>\n<meta property=\"og:title\" content=\"Cloud Security - Sempre Safe\" \/>\n<meta property=\"og:description\" content=\"Cloud Security Lorem ipsum dolor sit amet, consectetur adipiscing elit. Cloud Security, torne sua Cloud p\u00fablica ou privada segura. Oferecemos prote\u00e7\u00e3o para Cloud e Multicloud. Conjunto de pol\u00edticas, tecnologias, aplicativos e controles utilizados para proteger IP virtualizado, dados, aplicativos, servi\u00e7os e a infraestrutura associada de computa\u00e7\u00e3o em nuvem\" \/>\n<meta property=\"og:url\" content=\"http:\/\/safe.upsites.dev\/en\/cloud-security\/\" \/>\n<meta property=\"og:site_name\" content=\"Sempre Safe\" \/>\n<meta property=\"article:modified_time\" content=\"2022-02-25T21:22:45+00:00\" \/>\n<meta property=\"og:image\" content=\"https:\/\/safe.siteup.dev\/wp-content\/uploads\/2022\/02\/Rectangle-2241-1.png\" \/>\n<meta name=\"twitter:card\" content=\"summary\" \/>\n<meta name=\"twitter:label1\" content=\"Est. reading time\" \/>\n\t<meta name=\"twitter:data1\" content=\"4 minutes\" \/>\n<script type=\"application\/ld+json\" class=\"yoast-schema-graph\">{\"@context\":\"https:\/\/schema.org\",\"@graph\":[{\"@type\":\"Organization\",\"@id\":\"https:\/\/www.safe.upsites.dev\/#organization\",\"name\":\"Sempre Safe\",\"url\":\"https:\/\/www.safe.upsites.dev\/\",\"sameAs\":[],\"logo\":{\"@type\":\"ImageObject\",\"inLanguage\":\"en-US\",\"@id\":\"https:\/\/www.safe.upsites.dev\/#\/schema\/logo\/image\/\",\"url\":\"http:\/\/safe.upsites.dev\/wp-content\/uploads\/2022\/02\/group-185423.png\",\"contentUrl\":\"http:\/\/safe.upsites.dev\/wp-content\/uploads\/2022\/02\/group-185423.png\",\"width\":172,\"height\":70,\"caption\":\"Sempre Safe\"},\"image\":{\"@id\":\"https:\/\/www.safe.upsites.dev\/#\/schema\/logo\/image\/\"}},{\"@type\":\"WebSite\",\"@id\":\"https:\/\/www.safe.upsites.dev\/#website\",\"url\":\"https:\/\/www.safe.upsites.dev\/\",\"name\":\"Sempre Safe\",\"description\":\"\",\"publisher\":{\"@id\":\"https:\/\/www.safe.upsites.dev\/#organization\"},\"potentialAction\":[{\"@type\":\"SearchAction\",\"target\":{\"@type\":\"EntryPoint\",\"urlTemplate\":\"https:\/\/www.safe.upsites.dev\/?s={search_term_string}\"},\"query-input\":\"required name=search_term_string\"}],\"inLanguage\":\"en-US\"},{\"@type\":\"WebPage\",\"@id\":\"http:\/\/safe.upsites.dev\/cloud-security\/\",\"url\":\"http:\/\/safe.upsites.dev\/cloud-security\/\",\"name\":\"Cloud Security - Sempre Safe\",\"isPartOf\":{\"@id\":\"https:\/\/www.safe.upsites.dev\/#website\"},\"datePublished\":\"2022-02-22T02:51:14+00:00\",\"dateModified\":\"2022-02-25T21:22:45+00:00\",\"breadcrumb\":{\"@id\":\"http:\/\/safe.upsites.dev\/cloud-security\/#breadcrumb\"},\"inLanguage\":\"en-US\",\"potentialAction\":[{\"@type\":\"ReadAction\",\"target\":[\"http:\/\/safe.upsites.dev\/cloud-security\/\"]}]},{\"@type\":\"BreadcrumbList\",\"@id\":\"http:\/\/safe.upsites.dev\/cloud-security\/#breadcrumb\",\"itemListElement\":[{\"@type\":\"ListItem\",\"position\":1,\"name\":\"In\u00edcio\",\"item\":\"https:\/\/www.safe.upsites.dev\/\"},{\"@type\":\"ListItem\",\"position\":2,\"name\":\"Cloud Security\"}]}]}<\/script>\n<!-- \/ Yoast SEO plugin. -->","yoast_head_json":{"title":"Cloud Security - Sempre Safe","robots":{"index":"noindex","follow":"follow","max-snippet":"max-snippet:-1","max-image-preview":"max-image-preview:large","max-video-preview":"max-video-preview:-1"},"og_locale":"en_US","og_type":"article","og_title":"Cloud Security - Sempre Safe","og_description":"Cloud Security Lorem ipsum dolor sit amet, consectetur adipiscing elit. Cloud Security, torne sua Cloud p\u00fablica ou privada segura. Oferecemos prote\u00e7\u00e3o para Cloud e Multicloud. Conjunto de pol\u00edticas, tecnologias, aplicativos e controles utilizados para proteger IP virtualizado, dados, aplicativos, servi\u00e7os e a infraestrutura associada de computa\u00e7\u00e3o em nuvem","og_url":"http:\/\/safe.upsites.dev\/en\/cloud-security\/","og_site_name":"Sempre Safe","article_modified_time":"2022-02-25T21:22:45+00:00","og_image":[{"url":"https:\/\/safe.siteup.dev\/wp-content\/uploads\/2022\/02\/Rectangle-2241-1.png"}],"twitter_card":"summary","twitter_misc":{"Est. reading time":"4 minutes"},"schema":{"@context":"https:\/\/schema.org","@graph":[{"@type":"Organization","@id":"https:\/\/www.safe.upsites.dev\/#organization","name":"Sempre Safe","url":"https:\/\/www.safe.upsites.dev\/","sameAs":[],"logo":{"@type":"ImageObject","inLanguage":"en-US","@id":"https:\/\/www.safe.upsites.dev\/#\/schema\/logo\/image\/","url":"http:\/\/safe.upsites.dev\/wp-content\/uploads\/2022\/02\/group-185423.png","contentUrl":"http:\/\/safe.upsites.dev\/wp-content\/uploads\/2022\/02\/group-185423.png","width":172,"height":70,"caption":"Sempre Safe"},"image":{"@id":"https:\/\/www.safe.upsites.dev\/#\/schema\/logo\/image\/"}},{"@type":"WebSite","@id":"https:\/\/www.safe.upsites.dev\/#website","url":"https:\/\/www.safe.upsites.dev\/","name":"Sempre Safe","description":"","publisher":{"@id":"https:\/\/www.safe.upsites.dev\/#organization"},"potentialAction":[{"@type":"SearchAction","target":{"@type":"EntryPoint","urlTemplate":"https:\/\/www.safe.upsites.dev\/?s={search_term_string}"},"query-input":"required name=search_term_string"}],"inLanguage":"en-US"},{"@type":"WebPage","@id":"http:\/\/safe.upsites.dev\/cloud-security\/","url":"http:\/\/safe.upsites.dev\/cloud-security\/","name":"Cloud Security - Sempre Safe","isPartOf":{"@id":"https:\/\/www.safe.upsites.dev\/#website"},"datePublished":"2022-02-22T02:51:14+00:00","dateModified":"2022-02-25T21:22:45+00:00","breadcrumb":{"@id":"http:\/\/safe.upsites.dev\/cloud-security\/#breadcrumb"},"inLanguage":"en-US","potentialAction":[{"@type":"ReadAction","target":["http:\/\/safe.upsites.dev\/cloud-security\/"]}]},{"@type":"BreadcrumbList","@id":"http:\/\/safe.upsites.dev\/cloud-security\/#breadcrumb","itemListElement":[{"@type":"ListItem","position":1,"name":"In\u00edcio","item":"https:\/\/www.safe.upsites.dev\/"},{"@type":"ListItem","position":2,"name":"Cloud Security"}]}]}},"_links":{"self":[{"href":"http:\/\/safe.upsites.dev\/en\/wp-json\/wp\/v2\/pages\/689"}],"collection":[{"href":"http:\/\/safe.upsites.dev\/en\/wp-json\/wp\/v2\/pages"}],"about":[{"href":"http:\/\/safe.upsites.dev\/en\/wp-json\/wp\/v2\/types\/page"}],"author":[{"embeddable":true,"href":"http:\/\/safe.upsites.dev\/en\/wp-json\/wp\/v2\/users\/10"}],"replies":[{"embeddable":true,"href":"http:\/\/safe.upsites.dev\/en\/wp-json\/wp\/v2\/comments?post=689"}],"version-history":[{"count":3,"href":"http:\/\/safe.upsites.dev\/en\/wp-json\/wp\/v2\/pages\/689\/revisions"}],"predecessor-version":[{"id":2107,"href":"http:\/\/safe.upsites.dev\/en\/wp-json\/wp\/v2\/pages\/689\/revisions\/2107"}],"wp:attachment":[{"href":"http:\/\/safe.upsites.dev\/en\/wp-json\/wp\/v2\/media?parent=689"}],"curies":[{"name":"wp","href":"https:\/\/api.w.org\/{rel}","templated":true}]}}