{"id":719,"date":"2022-02-22T00:08:48","date_gmt":"2022-02-22T03:08:48","guid":{"rendered":"https:\/\/safe.siteup.dev\/?page_id=719"},"modified":"2022-02-25T18:22:31","modified_gmt":"2022-02-25T21:22:31","slug":"analise-de-vulnerabilidade","status":"publish","type":"page","link":"http:\/\/safe.upsites.dev\/en\/vulnerability-analysis\/","title":{"rendered":"Vulnerability Analysis"},"content":{"rendered":"<div data-elementor-type=\"wp-page\" data-elementor-id=\"719\" class=\"elementor elementor-719\">\n\t\t\t\t\t\t<div class=\"elementor-inner\">\n\t\t\t\t<div class=\"elementor-section-wrap\">\n\t\t\t\t\t\t\t\t\t<section class=\"has_ae_slider elementor-section elementor-top-section elementor-element elementor-element-eb44aba elementor-section-boxed elementor-section-height-default elementor-section-height-default ae-bg-gallery-type-default\" data-id=\"eb44aba\" data-element_type=\"section\" data-settings=\"{&quot;jet_parallax_layout_list&quot;:[],&quot;background_background&quot;:&quot;video&quot;,&quot;background_video_link&quot;:&quot;https:\\\/\\\/youtu.be\\\/QPaeJ3-8JLs&quot;,&quot;background_privacy_mode&quot;:&quot;yes&quot;}\">\n\t\t\t\t\t\t\t\t<div class=\"elementor-background-video-container elementor-hidden-phone\">\n\t\t\t\t\t\t\t\t\t\t\t\t\t<div class=\"elementor-background-video-embed\"><\/div>\n\t\t\t\t\t\t\t\t\t\t\t\t<\/div>\n\t\t\t\t\t\t\t\t\t<div class=\"elementor-background-overlay\"><\/div>\n\t\t\t\t\t\t\t<div class=\"elementor-container elementor-column-gap-default\">\n\t\t\t\t\t\t\t<div class=\"elementor-row\">\n\t\t\t\t\t<div class=\"has_ae_slider elementor-column elementor-col-100 elementor-top-column elementor-element elementor-element-8556b42 ae-bg-gallery-type-default\" data-id=\"8556b42\" data-element_type=\"column\">\n\t\t\t<div class=\"elementor-column-wrap elementor-element-populated\">\n\t\t\t\t\t\t\t<div class=\"elementor-widget-wrap\">\n\t\t\t\t\t\t<section class=\"has_ae_slider elementor-section elementor-inner-section elementor-element elementor-element-6a14080 elementor-section-boxed elementor-section-height-default elementor-section-height-default ae-bg-gallery-type-default\" data-id=\"6a14080\" data-element_type=\"section\" data-settings=\"{&quot;jet_parallax_layout_list&quot;:[]}\">\n\t\t\t\t\t\t<div class=\"elementor-container elementor-column-gap-default\">\n\t\t\t\t\t\t\t<div class=\"elementor-row\">\n\t\t\t\t\t<div class=\"has_ae_slider elementor-column elementor-col-50 elementor-inner-column elementor-element elementor-element-16d389f ae-bg-gallery-type-default\" data-id=\"16d389f\" data-element_type=\"column\">\n\t\t\t<div class=\"elementor-column-wrap elementor-element-populated\">\n\t\t\t\t\t\t\t<div class=\"elementor-widget-wrap\">\n\t\t\t\t\t\t<div class=\"elementor-element elementor-element-e7838b3 elementor-widget__width-initial elementor-widget elementor-widget-heading\" data-id=\"e7838b3\" data-element_type=\"widget\" data-widget_type=\"heading.default\">\n\t\t\t\t<div class=\"elementor-widget-container\">\n\t\t\t<h2 class=\"elementor-heading-title elementor-size-default\">Vulnerability Analysis<\/h2>\t\t<\/div>\n\t\t\t\t<\/div>\n\t\t\t\t<div class=\"elementor-element elementor-element-879ea8e elementor-widget elementor-widget-image\" data-id=\"879ea8e\" data-element_type=\"widget\" data-widget_type=\"image.default\">\n\t\t\t\t<div class=\"elementor-widget-container\">\n\t\t\t\t\t\t\t\t<div class=\"elementor-image\">\n\t\t\t\t\t\t\t\t\t\t\t\t<img width=\"494\" height=\"497\" src=\"http:\/\/safe.upsites.dev\/wp-content\/uploads\/2022\/02\/rectangle-2241-2-031021.png\" class=\"attachment-large size-large\" alt=\"rectangle\" loading=\"lazy\" srcset=\"http:\/\/safe.upsites.dev\/wp-content\/uploads\/2022\/02\/rectangle-2241-2-031021.png 494w, http:\/\/safe.upsites.dev\/wp-content\/uploads\/2022\/02\/rectangle-2241-2-031021-298x300.png 298w, http:\/\/safe.upsites.dev\/wp-content\/uploads\/2022\/02\/rectangle-2241-2-031021-150x150.png 150w\" sizes=\"(max-width: 494px) 100vw, 494px\" \/>\t\t\t\t\t\t\t\t\t\t\t\t\t\t<\/div>\n\t\t\t\t\t\t<\/div>\n\t\t\t\t<\/div>\n\t\t\t\t\t\t<\/div>\n\t\t\t\t\t<\/div>\n\t\t<\/div>\n\t\t\t\t<div class=\"has_ae_slider elementor-column elementor-col-50 elementor-inner-column elementor-element elementor-element-a7f168e ae-bg-gallery-type-default\" data-id=\"a7f168e\" data-element_type=\"column\">\n\t\t\t<div class=\"elementor-column-wrap elementor-element-populated\">\n\t\t\t\t\t\t\t<div class=\"elementor-widget-wrap\">\n\t\t\t\t\t\t<div class=\"elementor-element elementor-element-d207127 elementor-widget elementor-widget-heading\" data-id=\"d207127\" data-element_type=\"widget\" data-widget_type=\"heading.default\">\n\t\t\t\t<div class=\"elementor-widget-container\">\n\t\t\t<h2 class=\"elementor-heading-title elementor-size-default\">Lorem ipsum dolor sit amet, consectetur adipiscing elit.<\/h2>\t\t<\/div>\n\t\t\t\t<\/div>\n\t\t\t\t<div class=\"elementor-element elementor-element-1fe7592 elementor-widget__width-initial elementor-widget elementor-widget-text-editor\" data-id=\"1fe7592\" data-element_type=\"widget\" data-widget_type=\"text-editor.default\">\n\t\t\t\t<div class=\"elementor-widget-container\">\n\t\t\t\t\t\t\t\t<div class=\"elementor-text-editor elementor-clearfix\">\n\t\t\t\t<p>Vulnerability Analysis, protect your company from the vulnerabilities of your IT environment, with our vulnerability analysis we deliver reports for correction and visibility of security gaps in your company. <\/p>\t\t\t\t\t<\/div>\n\t\t\t\t\t\t<\/div>\n\t\t\t\t<\/div>\n\t\t\t\t<div class=\"elementor-element elementor-element-39d8982 elementor-widget elementor-widget-heading\" data-id=\"39d8982\" data-element_type=\"widget\" data-widget_type=\"heading.default\">\n\t\t\t\t<div class=\"elementor-widget-container\">\n\t\t\t<h2 class=\"elementor-heading-title elementor-size-default\">Cyber Intelligence<\/h2>\t\t<\/div>\n\t\t\t\t<\/div>\n\t\t\t\t<section class=\"has_ae_slider elementor-section elementor-inner-section elementor-element elementor-element-194d6f1 elementor-section-boxed elementor-section-height-default elementor-section-height-default ae-bg-gallery-type-default\" data-id=\"194d6f1\" data-element_type=\"section\" data-settings=\"{&quot;jet_parallax_layout_list&quot;:[]}\">\n\t\t\t\t\t\t<div class=\"elementor-container elementor-column-gap-default\">\n\t\t\t\t\t\t\t<div class=\"elementor-row\">\n\t\t\t\t\t<div class=\"has_ae_slider elementor-column elementor-col-50 elementor-inner-column elementor-element elementor-element-bb6adc0 ae-bg-gallery-type-default\" data-id=\"bb6adc0\" data-element_type=\"column\" data-settings=\"{&quot;background_background&quot;:&quot;gradient&quot;}\">\n\t\t\t<div class=\"elementor-column-wrap elementor-element-populated\">\n\t\t\t\t\t\t\t<div class=\"elementor-widget-wrap\">\n\t\t\t\t\t\t<div class=\"elementor-element elementor-element-fa96f2b elementor-widget__width-initial elementor-widget-mobile__width-initial elementor-view-default elementor-mobile-position-top elementor-vertical-align-top elementor-widget elementor-widget-icon-box\" data-id=\"fa96f2b\" data-element_type=\"widget\" data-widget_type=\"icon-box.default\">\n\t\t\t\t<div class=\"elementor-widget-container\">\n\t\t\t\t\t<div class=\"elementor-icon-box-wrapper\">\n\t\t\t\t\t\t<div class=\"elementor-icon-box-icon\">\n\t\t\t\t<span class=\"elementor-icon elementor-animation-\" >\n\t\t\t\t<svg xmlns=\"http:\/\/www.w3.org\/2000\/svg\" width=\"32\" height=\"32\" viewbox=\"0 0 32 32\" fill=\"none\"><path d=\"M16 28C22.6274 28 28 22.6274 28 16C28 9.37258 22.6274 4 16 4C9.37258 4 4 9.37258 4 16C4 22.6274 9.37258 28 16 28Z\" stroke=\"#5A1AF0\" stroke-width=\"2\" stroke-linecap=\"round\" stroke-linejoin=\"round\"><\/path><path d=\"M18 23C18 22.4696 18.2107 21.9609 18.5858 21.5858C18.9609 21.2107 19.4696 21 20 21C20.5304 21 21.0391 21.2107 21.4142 21.5858C21.7893 21.9609 22 22.4696 22 23\" stroke=\"#5A1AF0\" stroke-width=\"2\" stroke-linecap=\"round\" stroke-linejoin=\"round\"><\/path><path d=\"M10 23C10 22.4696 10.2107 21.9609 10.5858 21.5858C10.9609 21.2107 11.4696 21 12 21C12.5304 21 13.0391 21.2107 13.4142 21.5858C13.7893 21.9609 14 22.4696 14 23\" stroke=\"#5A1AF0\" stroke-width=\"2\" stroke-linecap=\"round\" stroke-linejoin=\"round\"><\/path><path d=\"M18 27.8331V23C18 22.4696 17.7893 21.9609 17.4142 21.5858C17.0391 21.2107 16.5304 21 16 21C15.4696 21 14.9609 21.2107 14.5858 21.5858C14.2107 21.9609 14 22.4696 14 23V27.8331\" stroke=\"#5A1AF0\" stroke-width=\"2\" stroke-linecap=\"round\" stroke-linejoin=\"round\"><\/path><path d=\"M22 26.3951V22L16 9L10 22V26.3955\" stroke=\"#5A1AF0\" stroke-width=\"2\" stroke-linecap=\"round\" stroke-linejoin=\"round\"><\/path><path d=\"M13.2305 15H18.7689\" stroke=\"#5A1AF0\" stroke-width=\"2\" stroke-linecap=\"round\" stroke-linejoin=\"round\"><\/path><\/svg>\t\t\t\t<\/span>\n\t\t\t<\/div>\n\t\t\t\t\t\t<div class=\"elementor-icon-box-content\">\n\t\t\t\t<h3 class=\"elementor-icon-box-title\">\n\t\t\t\t\t<span  >\n\t\t\t\t\t\t\t\t\t\t\t<\/span>\n\t\t\t\t<\/h3>\n\t\t\t\t\t\t\t\t\t<p class=\"elementor-icon-box-description\">\n\t\t\t\t\t\tIntelligence\t\t\t\t\t<\/p>\n\t\t\t\t\t\t\t<\/div>\n\t\t<\/div>\n\t\t\t\t<\/div>\n\t\t\t\t<\/div>\n\t\t\t\t\t\t<\/div>\n\t\t\t\t\t<\/div>\n\t\t<\/div>\n\t\t\t\t<div class=\"has_ae_slider elementor-column elementor-col-50 elementor-inner-column elementor-element elementor-element-4548da0 ae-bg-gallery-type-default\" data-id=\"4548da0\" data-element_type=\"column\" data-settings=\"{&quot;background_background&quot;:&quot;gradient&quot;}\">\n\t\t\t<div class=\"elementor-column-wrap elementor-element-populated\">\n\t\t\t\t\t\t\t<div class=\"elementor-widget-wrap\">\n\t\t\t\t\t\t<div class=\"elementor-element elementor-element-06f6397 elementor-widget__width-initial elementor-widget-mobile__width-initial elementor-view-default elementor-mobile-position-top elementor-vertical-align-top elementor-widget elementor-widget-icon-box\" data-id=\"06f6397\" data-element_type=\"widget\" data-widget_type=\"icon-box.default\">\n\t\t\t\t<div class=\"elementor-widget-container\">\n\t\t\t\t\t<div class=\"elementor-icon-box-wrapper\">\n\t\t\t\t\t\t<div class=\"elementor-icon-box-icon\">\n\t\t\t\t<span class=\"elementor-icon elementor-animation-\" >\n\t\t\t\t<svg xmlns=\"http:\/\/www.w3.org\/2000\/svg\" width=\"32\" height=\"32\" viewbox=\"0 0 32 32\" fill=\"none\"><path d=\"M5 15H27\" stroke=\"#5A1AF0\" stroke-width=\"2\" stroke-linecap=\"round\" stroke-linejoin=\"round\"><\/path><path d=\"M5 19H27\" stroke=\"#5A1AF0\" stroke-width=\"2\" stroke-linecap=\"round\" stroke-linejoin=\"round\"><\/path><path d=\"M5 23H27\" stroke=\"#5A1AF0\" stroke-width=\"2\" stroke-linecap=\"round\" stroke-linejoin=\"round\"><\/path><path d=\"M26 11H6C5.44772 11 5 11.4477 5 12V26C5 26.5523 5.44772 27 6 27H26C26.5523 27 27 26.5523 27 26V12C27 11.4477 26.5523 11 26 11Z\" stroke=\"#5A1AF0\" stroke-width=\"2\" stroke-linecap=\"round\" stroke-linejoin=\"round\"><\/path><path d=\"M11.5 11V6.5C11.5 5.30653 11.9741 4.16193 12.818 3.31802C13.6619 2.47411 14.8065 2 16 2C17.1935 2 18.3381 2.47411 19.182 3.31802C20.0259 4.16193 20.5 5.30653 20.5 6.5\" stroke=\"#5A1AF0\" stroke-width=\"2\" stroke-linecap=\"round\" stroke-linejoin=\"round\"><\/path><\/svg>\t\t\t\t<\/span>\n\t\t\t<\/div>\n\t\t\t\t\t\t<div class=\"elementor-icon-box-content\">\n\t\t\t\t<h3 class=\"elementor-icon-box-title\">\n\t\t\t\t\t<span  >\n\t\t\t\t\t\t\t\t\t\t\t<\/span>\n\t\t\t\t<\/h3>\n\t\t\t\t\t\t\t\t\t<p class=\"elementor-icon-box-description\">\n\t\t\t\t\t\tVulnerabilities\t\t\t\t\t<\/p>\n\t\t\t\t\t\t\t<\/div>\n\t\t<\/div>\n\t\t\t\t<\/div>\n\t\t\t\t<\/div>\n\t\t\t\t\t\t<\/div>\n\t\t\t\t\t<\/div>\n\t\t<\/div>\n\t\t\t\t\t\t\t\t<\/div>\n\t\t\t\t\t<\/div>\n\t\t<\/section>\n\t\t\t\t\t\t<\/div>\n\t\t\t\t\t<\/div>\n\t\t<\/div>\n\t\t\t\t\t\t\t\t<\/div>\n\t\t\t\t\t<\/div>\n\t\t<\/section>\n\t\t\t\t<section class=\"has_ae_slider elementor-section elementor-inner-section elementor-element elementor-element-89fbff1 elementor-section-boxed elementor-section-height-default elementor-section-height-default ae-bg-gallery-type-default\" data-id=\"89fbff1\" data-element_type=\"section\" data-settings=\"{&quot;jet_parallax_layout_list&quot;:[]}\">\n\t\t\t\t\t\t<div class=\"elementor-container elementor-column-gap-default\">\n\t\t\t\t\t\t\t<div class=\"elementor-row\">\n\t\t\t\t\t<div class=\"has_ae_slider elementor-column elementor-col-100 elementor-inner-column elementor-element elementor-element-fbeea25 ae-bg-gallery-type-default\" data-id=\"fbeea25\" data-element_type=\"column\">\n\t\t\t<div class=\"elementor-column-wrap elementor-element-populated\">\n\t\t\t\t\t\t\t<div class=\"elementor-widget-wrap\">\n\t\t\t\t\t\t<div class=\"elementor-element elementor-element-2e6150b elementor-widget elementor-widget-template\" data-id=\"2e6150b\" data-element_type=\"widget\" data-widget_type=\"template.default\">\n\t\t\t\t<div class=\"elementor-widget-container\">\n\t\t\t\t\t<div class=\"elementor-template\">\n\t\t\t\t\t<div data-elementor-type=\"section\" data-elementor-id=\"695\" class=\"elementor elementor-695\">\n\t\t\t\t\t<div class=\"elementor-section-wrap\">\n\t\t\t\t\t\t\t\t<section class=\"has_ae_slider elementor-section elementor-top-section elementor-element elementor-element-dc0375a elementor-section-boxed elementor-section-height-default elementor-section-height-default ae-bg-gallery-type-default\" data-id=\"dc0375a\" data-element_type=\"section\" data-settings=\"{&quot;jet_parallax_layout_list&quot;:[]}\">\n\t\t\t\t\t\t<div class=\"elementor-container elementor-column-gap-default\">\n\t\t\t\t\t\t\t<div class=\"elementor-row\">\n\t\t\t\t\t<div class=\"has_ae_slider elementor-column elementor-col-50 elementor-top-column elementor-element elementor-element-0a5a18b ae-bg-gallery-type-default\" data-id=\"0a5a18b\" data-element_type=\"column\">\n\t\t\t<div class=\"elementor-column-wrap elementor-element-populated\">\n\t\t\t\t\t\t\t<div class=\"elementor-widget-wrap\">\n\t\t\t\t\t\t<div class=\"elementor-element elementor-element-a6f2b8e elementor-widget elementor-widget-image\" data-id=\"a6f2b8e\" data-element_type=\"widget\" data-widget_type=\"image.default\">\n\t\t\t\t<div class=\"elementor-widget-container\">\n\t\t\t\t\t\t\t\t<div class=\"elementor-image\">\n\t\t\t\t\t\t\t\t\t\t\t\t<img width=\"610\" height=\"388\" src=\"http:\/\/safe.upsites.dev\/wp-content\/uploads\/2022\/02\/portrait-woman-customer-service-worker-1.png\" class=\"attachment-large size-large\" alt=\"portrait woman customer service worker\" loading=\"lazy\" srcset=\"http:\/\/safe.upsites.dev\/wp-content\/uploads\/2022\/02\/portrait-woman-customer-service-worker-1.png 610w, http:\/\/safe.upsites.dev\/wp-content\/uploads\/2022\/02\/portrait-woman-customer-service-worker-1-300x191.png 300w\" sizes=\"(max-width: 610px) 100vw, 610px\" \/>\t\t\t\t\t\t\t\t\t\t\t\t\t\t<\/div>\n\t\t\t\t\t\t<\/div>\n\t\t\t\t<\/div>\n\t\t\t\t\t\t<\/div>\n\t\t\t\t\t<\/div>\n\t\t<\/div>\n\t\t\t\t<div class=\"has_ae_slider elementor-column elementor-col-50 elementor-top-column elementor-element elementor-element-6de93f8 ae-bg-gallery-type-default\" data-id=\"6de93f8\" data-element_type=\"column\" id=\"btn-escpecialista\" data-settings=\"{&quot;background_background&quot;:&quot;classic&quot;}\">\n\t\t\t<div class=\"elementor-column-wrap elementor-element-populated\">\n\t\t\t\t\t\t\t<div class=\"elementor-widget-wrap\">\n\t\t\t\t\t\t<div class=\"elementor-element elementor-element-5c40cf2 elementor-widget__width-initial elementor-widget elementor-widget-heading\" data-id=\"5c40cf2\" data-element_type=\"widget\" data-widget_type=\"heading.default\">\n\t\t\t\t<div class=\"elementor-widget-container\">\n\t\t\t<h2 class=\"elementor-heading-title elementor-size-default\">Esta com alguma d\u00favida? Estamos prontos para lhe ajudar<\/h2>\t\t<\/div>\n\t\t\t\t<\/div>\n\t\t\t\t<div class=\"elementor-element elementor-element-438ee3f elementor-widget elementor-widget-html\" data-id=\"438ee3f\" data-element_type=\"widget\" data-widget_type=\"html.default\">\n\t\t\t\t<div class=\"elementor-widget-container\">\n\t\t\t<style>\r\n  #btn-escpecialista .btn-special {\r\nposition: relative;\r\nfont-family: \"Roboto\", Roboto !important;\r\nfont-style: normal;\r\nfont-weight: normal;\r\nfont-size: 12px;\r\nline-height: 140%;\r\ntext-transform: uppercase;\r\ncolor: #ffffff!important;\r\ndisplay: inline-block;\r\ntransition: all 0.3s ease 0s;\r\n-webkit-transition: all 0.3s ease 0s;\r\n}\r\n\r\n#btn-escpecialista .btn-special:hover {\r\ntransition: all .5s ease;\r\ntransform: scale(0.9);\r\n}\r\n\r\n#btn-escpecialista .btn-special span {\r\ndisplay: block;\r\n\r\n}\r\n\r\n#btn-escpecialista .btn-special span b {\r\nbackground: transparent!important;\r\nborder: 1px solid #ffffff;\r\ndisplay: block;\r\npadding: 15px 45px;\r\n}\r\n\r\n#btn-escpecialista .btn-special:before,\r\n#btn-escpecialista .btn-special:after,\r\n#btn-escpecialista .btn-special span:before,\r\n#btn-escpecialista .btn-special span:after {\r\ncontent: '';\r\nbackground: rgba(255, 255, 255, 1);\r\nwidth: 5px;\r\nheight: 5px;\r\nborder: 1px solid #ffffff;\r\nposition: absolute;\r\n-webkit-box-shadow: 0px 0px 16px 11px rgba(255, 255, 255, 0.2);\r\nbox-shadow: 0px 0px 16px 11px rgba(255, 255, 255, 0.2);\r\n\r\n}\r\n\r\n#btn-escpecialista .btn-special:after {\r\nborder-width: 0 0 2px 2px;\r\nbottom: -1px;\r\nleft: -1px;\r\n}\r\n\r\n#btn-escpecialista .btn-special:before {\r\ncontent: '';\r\nborder-width: 0px 2px 2px 0;\r\nbottom: -1px;\r\nright: -1px;\r\n}\r\n\r\n#btn-escpecialista .btn-special span:after {\r\nborder-width: 2px 0 0 2px;\r\ntop: -1px;\r\nleft: -1px;\r\n\r\n}\r\n\r\n#btn-escpecialista .btn-special span:before {\r\ncontent: '';\r\nborder-width: 2px 2px 0 0;\r\ntop: -1px;\r\nright: -1px;\r\n}\r\n<\/style>\r\n<a href=\"http:\/\/safe.upsites.dev\/en\/training\/#form-espec\/\" class=\"btn-special\"><span><b>TALK TO ONE OF OUR SPECIALISTS<\/b><\/span><\/a>\t\t<\/div>\n\t\t\t\t<\/div>\n\t\t\t\t<div class=\"elementor-element elementor-element-898c6fc elementor-view-stacked elementor-widget__width-auto elementor-absolute elementor-hidden-tablet elementor-hidden-mobile animated-slow elementor-shape-circle elementor-invisible elementor-widget elementor-widget-icon\" data-id=\"898c6fc\" data-element_type=\"widget\" data-settings=\"{&quot;_position&quot;:&quot;absolute&quot;,&quot;_animation&quot;:&quot;zoomIn&quot;}\" data-widget_type=\"icon.default\">\n\t\t\t\t<div class=\"elementor-widget-container\">\n\t\t\t\t\t<div class=\"elementor-icon-wrapper\">\n\t\t\t<div class=\"elementor-icon\">\n\t\t\t<svg xmlns=\"http:\/\/www.w3.org\/2000\/svg\" width=\"39\" height=\"22\" viewbox=\"0 0 39 22\" fill=\"none\"><path d=\"M27.0403 0.90918C29.6821 7.02295 32.1419 8.66094 36.993 10.8619C31.5598 13.4164 29.5112 15.7099 27.0403 20.8145\" stroke=\"#5A1AF0\"><\/path><path d=\"M35.8873 10.8619H0.5\" stroke=\"#5A1AF0\"><\/path><\/svg>\t\t\t<\/div>\n\t\t<\/div>\n\t\t\t\t<\/div>\n\t\t\t\t<\/div>\n\t\t\t\t\t\t<\/div>\n\t\t\t\t\t<\/div>\n\t\t<\/div>\n\t\t\t\t\t\t\t\t<\/div>\n\t\t\t\t\t<\/div>\n\t\t<\/section>\n\t\t\t\t\t\t\t<\/div>\n\t\t\t\t<\/div>\n\t\t\t\t<\/div>\n\t\t\t\t<\/div>\n\t\t\t\t<\/div>\n\t\t\t\t\t\t<\/div>\n\t\t\t\t\t<\/div>\n\t\t<\/div>\n\t\t\t\t\t\t\t\t<\/div>\n\t\t\t\t\t<\/div>\n\t\t<\/section>\n\t\t\t\t\t\t<\/div>\n\t\t\t\t\t<\/div>\n\t\t<\/div>\n\t\t\t\t\t\t\t\t<\/div>\n\t\t\t\t\t<\/div>\n\t\t<\/section>\n\t\t\t\t\t\t\t\t\t<\/div>\n\t\t\t<\/div>\n\t\t\t\t\t<\/div>","protected":false},"excerpt":{"rendered":"<p>An\u00e1lise de Vulnerabilidade Lorem ipsum dolor sit amet, consectetur adipiscing elit. An\u00e1lise de Vulnerabilidade, proteja sua empresa das vulnerabilidades do seu ambiente de TI, com nossa an\u00e1lise de vulnerabilidades, entregamos relat\u00f3rios para corre\u00e7\u00e3o e visibilidade das brechas de seguran\u00e7a da sua empresa. Cyber Intelig\u00eancia Intelig\u00eancia Vulnerabilidades<\/p>","protected":false},"author":10,"featured_media":0,"parent":0,"menu_order":0,"comment_status":"closed","ping_status":"closed","template":"elementor_header_footer","meta":[],"acf":[],"yoast_head":"<!-- This site is optimized with the Yoast SEO plugin v19.4 - https:\/\/yoast.com\/wordpress\/plugins\/seo\/ -->\n<title>An\u00e1lise de Vulnerabilidade - Sempre Safe<\/title>\n<meta name=\"robots\" content=\"noindex, follow, max-snippet:-1, max-image-preview:large, max-video-preview:-1\" \/>\n<meta property=\"og:locale\" content=\"en_US\" \/>\n<meta property=\"og:type\" content=\"article\" \/>\n<meta property=\"og:title\" content=\"An\u00e1lise de Vulnerabilidade - Sempre Safe\" \/>\n<meta property=\"og:description\" content=\"An\u00e1lise de Vulnerabilidade Lorem ipsum dolor sit amet, consectetur adipiscing elit. An\u00e1lise de Vulnerabilidade, proteja sua empresa das vulnerabilidades do seu ambiente de TI, com nossa an\u00e1lise de vulnerabilidades, entregamos relat\u00f3rios para corre\u00e7\u00e3o e visibilidade das brechas de seguran\u00e7a da sua empresa. Cyber Intelig\u00eancia Intelig\u00eancia Vulnerabilidades\" \/>\n<meta property=\"og:url\" content=\"http:\/\/safe.siteup.dev\/analise-de-vulnerabilidade\/\" \/>\n<meta property=\"og:site_name\" content=\"Sempre Safe\" \/>\n<meta property=\"article:modified_time\" content=\"2022-02-25T21:22:31+00:00\" \/>\n<meta property=\"og:image\" content=\"https:\/\/safe.siteup.dev\/wp-content\/uploads\/2022\/02\/rectangle-2241-2-031021.png\" \/>\n<meta name=\"twitter:card\" content=\"summary\" \/>\n<meta name=\"twitter:label1\" content=\"Est. reading time\" \/>\n\t<meta name=\"twitter:data1\" content=\"3 minutes\" \/>\n<script type=\"application\/ld+json\" class=\"yoast-schema-graph\">{\"@context\":\"https:\/\/schema.org\",\"@graph\":[{\"@type\":\"Organization\",\"@id\":\"https:\/\/www.safe.upsites.dev\/#organization\",\"name\":\"Sempre Safe\",\"url\":\"https:\/\/www.safe.upsites.dev\/\",\"sameAs\":[],\"logo\":{\"@type\":\"ImageObject\",\"inLanguage\":\"en-US\",\"@id\":\"https:\/\/www.safe.upsites.dev\/#\/schema\/logo\/image\/\",\"url\":\"http:\/\/safe.upsites.dev\/wp-content\/uploads\/2022\/02\/group-185423.png\",\"contentUrl\":\"http:\/\/safe.upsites.dev\/wp-content\/uploads\/2022\/02\/group-185423.png\",\"width\":172,\"height\":70,\"caption\":\"Sempre Safe\"},\"image\":{\"@id\":\"https:\/\/www.safe.upsites.dev\/#\/schema\/logo\/image\/\"}},{\"@type\":\"WebSite\",\"@id\":\"https:\/\/www.safe.upsites.dev\/#website\",\"url\":\"https:\/\/www.safe.upsites.dev\/\",\"name\":\"Sempre Safe\",\"description\":\"\",\"publisher\":{\"@id\":\"https:\/\/www.safe.upsites.dev\/#organization\"},\"potentialAction\":[{\"@type\":\"SearchAction\",\"target\":{\"@type\":\"EntryPoint\",\"urlTemplate\":\"https:\/\/www.safe.upsites.dev\/?s={search_term_string}\"},\"query-input\":\"required name=search_term_string\"}],\"inLanguage\":\"en-US\"},{\"@type\":\"WebPage\",\"@id\":\"http:\/\/safe.siteup.dev\/analise-de-vulnerabilidade\/\",\"url\":\"http:\/\/safe.siteup.dev\/analise-de-vulnerabilidade\/\",\"name\":\"An\u00e1lise de Vulnerabilidade - Sempre Safe\",\"isPartOf\":{\"@id\":\"https:\/\/www.safe.upsites.dev\/#website\"},\"datePublished\":\"2022-02-22T03:08:48+00:00\",\"dateModified\":\"2022-02-25T21:22:31+00:00\",\"breadcrumb\":{\"@id\":\"http:\/\/safe.siteup.dev\/analise-de-vulnerabilidade\/#breadcrumb\"},\"inLanguage\":\"en-US\",\"potentialAction\":[{\"@type\":\"ReadAction\",\"target\":[\"http:\/\/safe.siteup.dev\/analise-de-vulnerabilidade\/\"]}]},{\"@type\":\"BreadcrumbList\",\"@id\":\"http:\/\/safe.siteup.dev\/analise-de-vulnerabilidade\/#breadcrumb\",\"itemListElement\":[{\"@type\":\"ListItem\",\"position\":1,\"name\":\"In\u00edcio\",\"item\":\"https:\/\/www.safe.upsites.dev\/\"},{\"@type\":\"ListItem\",\"position\":2,\"name\":\"An\u00e1lise de Vulnerabilidade\"}]}]}<\/script>\n<!-- \/ Yoast SEO plugin. -->","yoast_head_json":{"title":"An\u00e1lise de Vulnerabilidade - Sempre Safe","robots":{"index":"noindex","follow":"follow","max-snippet":"max-snippet:-1","max-image-preview":"max-image-preview:large","max-video-preview":"max-video-preview:-1"},"og_locale":"en_US","og_type":"article","og_title":"An\u00e1lise de Vulnerabilidade - Sempre Safe","og_description":"An\u00e1lise de Vulnerabilidade Lorem ipsum dolor sit amet, consectetur adipiscing elit. An\u00e1lise de Vulnerabilidade, proteja sua empresa das vulnerabilidades do seu ambiente de TI, com nossa an\u00e1lise de vulnerabilidades, entregamos relat\u00f3rios para corre\u00e7\u00e3o e visibilidade das brechas de seguran\u00e7a da sua empresa. Cyber Intelig\u00eancia Intelig\u00eancia Vulnerabilidades","og_url":"http:\/\/safe.siteup.dev\/analise-de-vulnerabilidade\/","og_site_name":"Sempre Safe","article_modified_time":"2022-02-25T21:22:31+00:00","og_image":[{"url":"https:\/\/safe.siteup.dev\/wp-content\/uploads\/2022\/02\/rectangle-2241-2-031021.png"}],"twitter_card":"summary","twitter_misc":{"Est. reading time":"3 minutes"},"schema":{"@context":"https:\/\/schema.org","@graph":[{"@type":"Organization","@id":"https:\/\/www.safe.upsites.dev\/#organization","name":"Sempre Safe","url":"https:\/\/www.safe.upsites.dev\/","sameAs":[],"logo":{"@type":"ImageObject","inLanguage":"en-US","@id":"https:\/\/www.safe.upsites.dev\/#\/schema\/logo\/image\/","url":"http:\/\/safe.upsites.dev\/wp-content\/uploads\/2022\/02\/group-185423.png","contentUrl":"http:\/\/safe.upsites.dev\/wp-content\/uploads\/2022\/02\/group-185423.png","width":172,"height":70,"caption":"Sempre Safe"},"image":{"@id":"https:\/\/www.safe.upsites.dev\/#\/schema\/logo\/image\/"}},{"@type":"WebSite","@id":"https:\/\/www.safe.upsites.dev\/#website","url":"https:\/\/www.safe.upsites.dev\/","name":"Sempre Safe","description":"","publisher":{"@id":"https:\/\/www.safe.upsites.dev\/#organization"},"potentialAction":[{"@type":"SearchAction","target":{"@type":"EntryPoint","urlTemplate":"https:\/\/www.safe.upsites.dev\/?s={search_term_string}"},"query-input":"required name=search_term_string"}],"inLanguage":"en-US"},{"@type":"WebPage","@id":"http:\/\/safe.siteup.dev\/analise-de-vulnerabilidade\/","url":"http:\/\/safe.siteup.dev\/analise-de-vulnerabilidade\/","name":"An\u00e1lise de Vulnerabilidade - Sempre Safe","isPartOf":{"@id":"https:\/\/www.safe.upsites.dev\/#website"},"datePublished":"2022-02-22T03:08:48+00:00","dateModified":"2022-02-25T21:22:31+00:00","breadcrumb":{"@id":"http:\/\/safe.siteup.dev\/analise-de-vulnerabilidade\/#breadcrumb"},"inLanguage":"en-US","potentialAction":[{"@type":"ReadAction","target":["http:\/\/safe.siteup.dev\/analise-de-vulnerabilidade\/"]}]},{"@type":"BreadcrumbList","@id":"http:\/\/safe.siteup.dev\/analise-de-vulnerabilidade\/#breadcrumb","itemListElement":[{"@type":"ListItem","position":1,"name":"In\u00edcio","item":"https:\/\/www.safe.upsites.dev\/"},{"@type":"ListItem","position":2,"name":"An\u00e1lise de Vulnerabilidade"}]}]}},"_links":{"self":[{"href":"http:\/\/safe.upsites.dev\/en\/wp-json\/wp\/v2\/pages\/719"}],"collection":[{"href":"http:\/\/safe.upsites.dev\/en\/wp-json\/wp\/v2\/pages"}],"about":[{"href":"http:\/\/safe.upsites.dev\/en\/wp-json\/wp\/v2\/types\/page"}],"author":[{"embeddable":true,"href":"http:\/\/safe.upsites.dev\/en\/wp-json\/wp\/v2\/users\/10"}],"replies":[{"embeddable":true,"href":"http:\/\/safe.upsites.dev\/en\/wp-json\/wp\/v2\/comments?post=719"}],"version-history":[{"count":3,"href":"http:\/\/safe.upsites.dev\/en\/wp-json\/wp\/v2\/pages\/719\/revisions"}],"predecessor-version":[{"id":2101,"href":"http:\/\/safe.upsites.dev\/en\/wp-json\/wp\/v2\/pages\/719\/revisions\/2101"}],"wp:attachment":[{"href":"http:\/\/safe.upsites.dev\/en\/wp-json\/wp\/v2\/media?parent=719"}],"curies":[{"name":"wp","href":"https:\/\/api.w.org\/{rel}","templated":true}]}}